{"id":94,"date":"2017-01-30T13:51:06","date_gmt":"2017-01-30T12:51:06","guid":{"rendered":"http:\/\/www.rhodosinfo.com\/?page_id=94"},"modified":"2024-06-13T16:32:24","modified_gmt":"2024-06-13T13:32:24","slug":"stranden-info","status":"publish","type":"page","link":"https:\/\/rhodosinfo.com\/fi\/stranden-info\/","title":{"rendered":"Uimarannat"},"content":{"rendered":"<h3><span style=\"color: #000000;\"><strong>Afandou<\/strong><\/span><\/h3>\n<p><span style=\"color: #000000;\">Sijainti: 22 km\u00a0Rodoksen kaupungista saaren it\u00e4rannikolla.<\/span><br \/>\n<span style=\"color: #000000;\"> Kuvaus: Saaren pisin uimaranta ja viel\u00e4 suhteellisen hiljainen.<\/span><br \/>\n<span style=\"color: #000000;\"> Enimm\u00e4kseen sorarantaa.<\/span><br \/>\n<span style=\"color: #000000;\"> L\u00e4hin kyl\u00e4: Afandou.<\/span><br \/>\n<span style=\"color: #000000;\"> Faliraki<\/span><br \/>\n<span style=\"color: #000000;\"> Sijainti: Falirakissa, joka on saaren<\/span><br \/>\n<span style=\"color: #000000;\"> koillisosassa noin 14 km Rodoksen kaupungista saaren it\u00e4rannikolla.<\/span><br \/>\n<span style=\"color: #000000;\"> Kuvaus: Falirakin uimaranta on kaunis, noin 4 km:n pituinen<\/span><br \/>\n<span style=\"color: #000000;\"> hiekkaranta, joka tarjoaa aurinkotuoleja ja -varjoja sek\u00e4 erilaisia<\/span><br \/>\n<span style=\"color: #000000;\"> vesiurheilumahdollisuuksia, Rannalla on tavernoita, ravintoloita ja<\/span><br \/>\n<span style=\"color: #000000;\"> rantabaareja.<\/span><br \/>\n<span style=\"color: #000000;\"> L\u00e4hin kyl\u00e4: Faliraki<\/span><\/p>\n<h3><span style=\"color: #000000;\"><strong>Kalathos<\/strong><\/span><\/h3>\n<p><span style=\"color: #000000;\">Sijainti:\u00a0Kalathoksen ranta sijaitsee 50 km Rodoksen kaupungista saaren<\/span><br \/>\n<span style=\"color: #000000;\"> it\u00e4rannikolla.<\/span><br \/>\n<span style=\"color: #000000;\"> Kuvaus: Hiekka on pehme\u00e4\u00e4 ja merivesi kristallinkirkasta.<\/span><br \/>\n<span style=\"color: #000000;\"> Aurinkotuoleja ja bambuvarjoja vuokrattavana.<\/span><br \/>\n<span style=\"color: #000000;\"> L\u00e4hin kyl\u00e4: Kalathos<\/span><\/p>\n<h3><span style=\"color: #000000;\"><strong>Traganou<\/strong><\/span><\/h3>\n<p><span style=\"color: #000000;\">Sijainti: 15 km Rodoksen kaupungista ja 4 km Falirakista saaren<\/span><br \/>\n<span style=\"color: #000000;\"> it\u00e4rannikolla.<\/span><br \/>\n<span style=\"color: #000000;\"> Kuvaus: Ranta on kivinen ja merivesi kristallinkirkasta. Pieni osa<\/span><br \/>\n<span style=\"color: #000000;\"> rannasta on varustettu uimarannaksi ja loppu on j\u00e4tetty<\/span><br \/>\n<span style=\"color: #000000;\"> luonnontilaan. Rannalla on pieni taverna.<\/span><br \/>\n<span style=\"color: #000000;\"> L\u00e4hin kyl\u00e4: Faliraki<\/span><\/p>\n<h3><span style=\"color: #000000;\"><strong>Tsambika<\/strong><\/span><\/h3>\n<p><span style=\"color: #000000;\">Sijainti: Tsambika sijaitsee 26 km Rodoksen kaupungista<\/span><br \/>\n<span style=\"color: #000000;\"> it\u00e4rannikolla.<\/span><br \/>\n<span style=\"color: #000000;\"> Kuvaus: Ranta on saaren hienoimpia. Kristallinkirkas vesi ja<\/span><br \/>\n<span style=\"color: #000000;\"> kullankeltainen hiekka. Rannalla on palveluja, esim.<\/span><br \/>\n<span style=\"color: #000000;\"> vesiurheilumahdollisuuksia, ravintoloita ja minimarket.<\/span><br \/>\n<span style=\"color: #000000;\"> L\u00e4hin kyl\u00e4: Archangelos<\/span><\/p>\n<h3><span style=\"color: #000000;\"><strong>Agathi<\/strong><\/span><\/h3>\n<p><span style=\"color: #000000;\">Sijainti: T\u00e4m\u00e4 kaunis ranta sijaitsee 38 km Rodoksen kaupungista<\/span><br \/>\n<span style=\"color: #000000;\"> saaren it\u00e4rannikolla.<\/span><br \/>\n<span style=\"color: #000000;\"> Kuvaus: Kaunis hiekkaranta ja kristallinkirkas vesi.<\/span><br \/>\n<span style=\"color: #000000;\"> L\u00e4hin kyl\u00e4: Lindos<\/span><br \/>\n<span style=\"color: #000000;\"> Ellin ranta<\/span><\/p>\n<p><span style=\"color: #000000;\">Sijainti: Ellin ranta on Rodoksen kaupungissa.<\/span><br \/>\n<span style=\"color: #000000;\"> Kuvaus: T\u00e4m\u00e4 pikkukiviranta sijaitsee Rodoksen kaupungissa sataman<\/span><br \/>\n<span style=\"color: #000000;\"> ja akvaarion v\u00e4liss\u00e4. T\u00e4\u00e4ll\u00e4 on kaikki rantapalvelut.<\/span><br \/>\n<span style=\"color: #000000;\"> L\u00e4hin paikkakunta: Rodoksen kaupunki<\/span><\/p>\n<h3><span style=\"color: #000000;\"><strong>Ladiko<\/strong><\/span><\/h3>\n<p><span style=\"color: #000000;\">Sijainti: Ladiko sijaitsee 15 km Rodoksen<\/span><br \/>\n<span style=\"color: #000000;\"> kaupungista saaren it\u00e4rannikolla heti Falirakin j\u00e4lkeen.<\/span><br \/>\n<span style=\"color: #000000;\"> Kuvaus: Ladikon ranta on pieni ja kukkuloiden ymp\u00e4r\u00f6im\u00e4. Rannalla on<\/span><br \/>\n<span style=\"color: #000000;\"> kodikas taverna.<\/span><br \/>\n<span style=\"color: #000000;\"> L\u00e4hin kyl\u00e4: Afandou<\/span><\/p>\n<h3><span style=\"color: #000000;\"><strong>Anthony Quinn beach<\/strong><\/span><\/h3>\n<p><span style=\"color: #000000;\">Sijainti: Ranta sijaintsee 15 km Rodoksen<\/span><br \/>\n<span style=\"color: #000000;\"> kaupungista saaren it\u00e4rannikolla. Lyhyt polku yhdist\u00e4\u00e4 Ladikon ja<\/span><br \/>\n<span style=\"color: #000000;\"> Anthony Quinnin rannat.<\/span><br \/>\n<span style=\"color: #000000;\"> Kuvaus: Ranta on kukkuloiden ymp\u00e4r\u00f6im\u00e4. T\u00e4m\u00e4 ranta on kuuluisa sen<\/span><br \/>\n<span style=\"color: #000000;\"> vuoksi, ett\u00e4 osa Anthony Quinnin t\u00e4hditt\u00e4m\u00e4st\u00e4 elokuvasta Navaronen<\/span><br \/>\n<span style=\"color: #000000;\"> tykit kuvattiin t\u00e4\u00e4ll\u00e4.<\/span><br \/>\n<span style=\"color: #000000;\"> L\u00e4hin kyl\u00e4: Afandou<\/span><\/p>\n<p><script async src=\"\/\/pagead2.googlesyndication.com\/pagead\/js\/adsbygoogle.js\"><\/script><br \/>\n<!-- mobiel 2 --><br \/>\n<ins class=\"adsbygoogle\" style=\"display: block;\" data-ad-client=\"ca-pub-3888415975754403\" data-ad-slot=\"6271830326\" data-ad-format=\"auto\"><\/ins><br \/>\n<script>\n(adsbygoogle = window.adsbygoogle || []).push({});\n<\/script><\/p>\n","protected":false},"excerpt":{"rendered":"<p>Afandou Sijainti: 22 km\u00a0Rodoksen kaupungista saaren it\u00e4rannikolla. Kuvaus: Saaren pisin uimaranta ja viel\u00e4 suhteellisen hiljainen. Enimm\u00e4kseen sorarantaa. L\u00e4hin kyl\u00e4: Afandou. Faliraki Sijainti: Falirakissa, joka on saaren koillisosassa noin 14 km Rodoksen kaupungista saaren it\u00e4rannikolla. Kuvaus: Falirakin uimaranta on kaunis, noin 4 km:n pituinen hiekkaranta, joka tarjoaa aurinkotuoleja ja -varjoja sek\u00e4 erilaisia vesiurheilumahdollisuuksia, Rannalla on tavernoita,&hellip;<\/p>\n","protected":false},"author":5,"featured_media":0,"parent":0,"menu_order":0,"comment_status":"closed","ping_status":"closed","template":"","meta":{"footnotes":""},"class_list":["post-94","page","type-page","status-publish","hentry"],"translation":{"provider":"WPGlobus","version":"3.0.0","language":"fi","enabled_languages":["nl","fi","de","gb"],"languages":{"nl":{"title":true,"content":true,"excerpt":false},"fi":{"title":true,"content":true,"excerpt":false},"de":{"title":true,"content":true,"excerpt":false},"gb":{"title":true,"content":true,"excerpt":false}}},"aioseo_notices":[],"_links":{"self":[{"href":"https:\/\/rhodosinfo.com\/fi\/wp-json\/wp\/v2\/pages\/94","targetHints":{"allow":["GET"]}}],"collection":[{"href":"https:\/\/rhodosinfo.com\/fi\/wp-json\/wp\/v2\/pages"}],"about":[{"href":"https:\/\/rhodosinfo.com\/fi\/wp-json\/wp\/v2\/types\/page"}],"author":[{"embeddable":true,"href":"https:\/\/rhodosinfo.com\/fi\/wp-json\/wp\/v2\/users\/5"}],"replies":[{"embeddable":true,"href":"https:\/\/rhodosinfo.com\/fi\/wp-json\/wp\/v2\/comments?post=94"}],"version-history":[{"count":18,"href":"https:\/\/rhodosinfo.com\/fi\/wp-json\/wp\/v2\/pages\/94\/revisions"}],"predecessor-version":[{"id":2069,"href":"https:\/\/rhodosinfo.com\/fi\/wp-json\/wp\/v2\/pages\/94\/revisions\/2069"}],"wp:attachment":[{"href":"https:\/\/rhodosinfo.com\/fi\/wp-json\/wp\/v2\/media?parent=94"}],"curies":[{"name":"wp","href":"https:\/\/api.w.org\/{rel}","templated":true}]}}