{"id":76,"date":"2017-01-30T13:40:45","date_gmt":"2017-01-30T12:40:45","guid":{"rendered":"http:\/\/www.rhodosinfo.com\/?page_id=76"},"modified":"2023-03-20T20:47:59","modified_gmt":"2023-03-20T18:47:59","slug":"lokale-weetjes","status":"publish","type":"page","link":"https:\/\/rhodosinfo.com\/fi\/lokale-weetjes\/","title":{"rendered":"Kulttuuritapahtumat"},"content":{"rendered":"<p><span style=\"color: #000000;\"><strong>Paikalliset puvut<\/strong>, joita viel\u00e4kin joskus k\u00e4ytet\u00e4\u00e4n, ovat per\u00e4isin Embonan kyl\u00e4st\u00e4 ja n\u00e4ytt\u00e4v\u00e4t t\u00e4lt\u00e4 (kuva vasemmalla).<\/span><br \/>\n<span style=\"color: #000000;\"> Naisten pukuun kuuluu valkoinen pusero (malola), jonka keskikohdalla on muutamia poimutuksia. Hihoissa ja puseron laskoksissa on kauniisti brodeeratut nauhat. N\u00e4m\u00e4 kuviot syntyiv\u00e4t aikana, jolloin Rodoksella viel\u00e4 viljeltiin puuvillaa ja pidettiin lampaita. Kaikki materiaali kauniiden k\u00e4sit\u00f6iden tekemiseen l\u00f6ytyi l\u00e4helt\u00e4.<\/span><br \/>\n<span style=\"color: #000000;\"> Hame, jossa on v\u00e4rikk\u00e4it\u00e4 kuvioita (xofori), nauhoja ja rusetteja, on leve\u00e4 ja v\u00e4rilt\u00e4\u00e4n mustaa materiaalia, usein satiinia. Hame ylt\u00e4\u00e4 miehustaan saakka. T\u00e4t\u00e4 mallia n\u00e4kee Knossoksen sein\u00e4maalauksissa, mink\u00e4 vuoksi oletetaan, ett\u00e4 Kreetalla on ollut vaikutusta Embonan kyl\u00e4n pukusuunnitteluun.<\/span><br \/>\n<span style=\"color: #000000;\"> Vy\u00f6 on kirsikanpunaista villaa tai silkki\u00e4. Naisilla oli tapana kantaa mukanaan pient\u00e4 veist\u00e4 (kazika), joka oli kiinnitetty kauniisti taotulla ketjulla.<\/span><br \/>\n<span style=\"color: #000000;\"> P\u00e4\u00e4ss\u00e4 oli moniv\u00e4rinen huivi (tsoelato), joka kiedottiin erityisell\u00e4 tavalla.<\/span><br \/>\n<span style=\"color: #000000;\"> Talvella vaatetuksen kanssa k\u00e4ytettiin lyhytt\u00e4 alushametta. Ja jotta kuva olisi t\u00e4ydellinen, kerrotaan viel\u00e4, ett\u00e4 naiset k\u00e4yttiv\u00e4t korottomia nahkasaappaita suojautuakseen k\u00e4\u00e4rmeenpuremilta.<\/span><\/p>\n<p><span style=\"color: #000000;\"><strong>H\u00e4\u00e4t<\/strong> ovat melkoinen rituaali Rodoksella. Ensimm\u00e4iseksi tapahtuva asia on er\u00e4\u00e4nlainen ilmoitus tulevista h\u00e4ist\u00e4. Morsiamen perhe leipoo seesamikakkuja ja jakaa niit\u00e4 suuren m\u00e4\u00e4r\u00e4n sulhasen perheelle ja yst\u00e4ville h\u00e4\u00e4kutsuna. Kakkujen m\u00e4\u00e4r\u00e4 kertoo kutsutulle, kuinka toivottavaa h\u00e4nen l\u00e4sn\u00e4olonsa h\u00e4iss\u00e4 on.<\/span><br \/>\n<span style=\"color: #000000;\"> Kutsun hyv\u00e4ksyminen taas tapahtuu tuomalla morsiamelle kori t\u00e4ynn\u00e4 ruokaa, kuten sokeria, riisi\u00e4, jauhoja, makeisia ja spagettia sek\u00e4 jokin lahja. T\u00e4m\u00e4 tapahtuu my\u00f6s toisin p\u00e4in; siisp\u00e4 sulhasen sukulaiset varmistavat sen, ett\u00e4 jokainen morsiamen puoleinen sukulainen on kutsuttu. Jotta varmistuttaisiin siit\u00e4, ett\u00e4 kaikki tiet\u00e4v\u00e4t tarkan h\u00e4\u00e4p\u00e4iv\u00e4n ja ett\u00e4 kutsun saavat my\u00f6s ne, joille ei ole toimitettu kakkuja, l\u00e4hetet\u00e4\u00e4n viel\u00e4 kutsukortti ennen h\u00e4it\u00e4. H\u00e4\u00e4lahjat toimitetaan h\u00e4\u00e4parille t\u00e4m\u00e4n viikon aikana, ei varsinaisena h\u00e4\u00e4p\u00e4iv\u00e4n\u00e4. Tavallisesti h\u00e4\u00e4t pidet\u00e4\u00e4n sunnuntaina.<\/span><br \/>\n<span style=\"color: #000000;\"> H\u00e4it\u00e4 edelt\u00e4v\u00e4n\u00e4 perjantaina valmistetaan h\u00e4\u00e4vuode.<\/span><br \/>\n<span style=\"color: #000000;\"> Kaikki morsiamen vieraat kokoontuvat pariskunnan tulevaan kotiin. Kun pariskunta perheineen ja yst\u00e4vineen saapuu, morsiamen sukulaiset laulavat laulun, jolla he toivottavat sulhasen tervetulleeksi astumaan taloon ja pit\u00e4m\u00e4\u00e4n sit\u00e4 omanaan. Sen j\u00e4lkeen sulhasen perhe, kaikki laulaen, hyv\u00e4ksyy kutsun ja kuvailee kuinka paljon vaurautta he ovat tuoneet tullessaan. Hiljalleen koko joukko tulee taloon ja kokoontuu makuuhuoneeseen. Vuode on viel\u00e4 aivan tyhj\u00e4.<\/span><br \/>\n<span style=\"color: #000000;\"> Naimattomia tytt\u00f6j\u00e4 pyydet\u00e4\u00e4n laittamaan lakanat vuoteeseen. Sulhasen \u00e4iti vet\u00e4\u00e4 lakanat pois vuoteesta kolme kertaa sen j\u00e4lkeen, kun tyt\u00f6t ovat ne laittaneet. H\u00e4n haluaa varmistua siit\u00e4, ett\u00e4 h\u00e4nen pojastaan pidet\u00e4\u00e4n hyv\u00e4\u00e4 huolta uudessa kodissaan, ja vain paras on kyllin hyv\u00e4\u00e4. Kun sulhasen \u00e4iti on tyytyv\u00e4inen ja kun vuode on valmis, lahjoitetaan rahaa ja h\u00e4\u00e4makeisia sek\u00e4 py\u00f6ritetaan vuoteella vauvoja terveyden, onnellisuuden ja hedelm\u00e4llisyyden takaamiseksi. My\u00f6s pariskunta peitet\u00e4\u00e4n kultaesineill\u00e4. Molemmat perheet lahjoittavat kaulakoruja, rannerenkaita ja sormuksia. T\u00e4m\u00e4 on hyv\u00e4ksymisen osoitus.<\/span><br \/>\n<span style=\"color: #000000;\"> Itse h\u00e4\u00e4p\u00e4iv\u00e4 on t\u00e4ynn\u00e4 rituaaleja. Morsiamen pukee h\u00e4nen perheens\u00e4, sulhasen h\u00e4nen omansa. Kaikki tapahtuu koko ajan laulaen. Is\u00e4 valitsee sulhaselle paidan ja napittaa sen. \u00c4iti tuo housut ja sisarukset sukat, takin, solmion ja muut asusteet.<\/span><br \/>\n<span style=\"color: #000000;\"> Kun sulhanen on valmis, toiset toivottavat h\u00e4nelle onnea. Morsiamen kohdalla kaikki tapahtuu enemm\u00e4n tai v\u00e4hemm\u00e4n samalla tavalla. Sitten pariskunta on valmiina l\u00e4htem\u00e4\u00e4n kirkkoon.<\/span><br \/>\n<span style=\"color: #000000;\"> Nyt on t\u00e4rke\u00e4\u00e4, ett\u00e4 sulhanen saapuu ensiksi, mik\u00e4 vaatii v\u00e4h\u00e4n suunnittelua. Perhe vie sulhasen kirkolle laulaen, muusikoiden s\u00e4est\u00e4m\u00e4n\u00e4. Sitten sulhanen odottaa kirkkoaukiolla morsianta. Kun morsian saapuu, perheet ja yst\u00e4v\u00e4t tanssivat jonkin aikaa ja sen j\u00e4lkeen kaikki menev\u00e4t kirkkoon yhdess\u00e4.<\/span><br \/>\n<span style=\"color: #000000;\"> Seremonian ajaksi morsiusparille laitetaan toisiinsa nauhalla yhdistetyt kruunut (ohut kulta- tai hopeapunos) p\u00e4\u00e4h\u00e4n. N\u00e4m\u00e4 kruunut heid\u00e4n tulee s\u00e4ilytt\u00e4\u00e4 huolellisesti koko avioliittonsa ajan.<\/span><br \/>\n<span style=\"color: #000000;\"> Sen j\u00e4lkeen, kun pappi on vihkinyt pariskunnan, h\u00e4n vie heid\u00e4t alttarin ymp\u00e4ri kolme kertaa samalla kun yst\u00e4v\u00e4t ja perheenj\u00e4senet sek\u00e4 paria seuraava best man l\u00e4im\u00e4yttelev\u00e4t heit\u00e4 selk\u00e4\u00e4n. Vihkitoimituksen j\u00e4lkeen pidet\u00e4\u00e4n tavallisesti suuret juhlat. Vieraita voi olla 400 henke\u00e4 tai jopa enemm\u00e4n. Kaikki sy\u00f6v\u00e4t ja juovat tuoreen avioparin terveydeksi. Tanssitaan ja lauletaan. T\u00e4llainen juhla on suuri tapahtuma, ja jos sinut kutsutaan mukaan, sinun t\u00e4ytyy vain istuutua ja nauttia aidosta kreikkalaisesta vieraanvaraisuudesta.<\/span><\/p>\n<p><span style=\"color: #000000;\"><strong>Uskonto<\/strong><\/span><br \/>\n<span style=\"color: #000000;\"> Yhdeks\u00e4nkymment\u00e4 prosenttia Kreikan v\u00e4est\u00f6st\u00e4 on kreikkalaiskatolisia ortodokseja. T\u00e4m\u00e4 uskonto on vastaavanlainen kuin roomalaiskatolinen uskonto. Muutamia eroja on; pappi voi menn\u00e4 naimisiin, ristinmerkki tehd\u00e4\u00e4n kolmella sormella (peukalo, etusormi ja keskisormi toisiaan vasten painettuna) otsasta rintaan, oikealta vasemmalle, kirkossa voidaan vihki\u00e4 kolme kertaa, ikonien suuteleminen ja ett\u00e4 paavia ei tunnusteta.<\/span><\/p>\n<p><span style=\"color: #000000;\"><strong>Oliivi\u00f6ljy<\/strong><\/span><br \/>\n<span style=\"color: #000000;\"> Ennen oliivit puristettiin \u00f6ljyksi suurella py\u00f6re\u00e4ll\u00e4, aasin vet\u00e4m\u00e4ll\u00e4 jauhinkivell\u00e4. Tulos (\u00f6ljy, vesi, siemenet, kuoret ja lehdet) sitten siivil\u00f6itiin ja ker\u00e4ttiin tiiviiksi kudottuun s\u00e4kkiin. T\u00e4m\u00e4n j\u00e4lkeen s\u00e4kki sai olla rauhassa jonkin aikaa, jotta vesi (joka on raskaampaa kuin \u00f6ljy) laskeutui pohjalle ja kevyempi \u00f6ljy kellui pinnalla. Sitten \u00f6ljy siirrettiin toiseen s\u00e4kkiin. T\u00e4m\u00e4 prosessi vei noin puoli p\u00e4iv\u00e4\u00e4. Nyky\u00e4\u00e4n automatisoidut puristimet ja lingot k\u00e4sittelev\u00e4t noin 50 tonnia oliiveja 24 tunnissa.\u00a0Prosessi tapahtuu n\u00e4in: Heti kun oliivisato on korjattu, se toimitetaan mieluiten samana p\u00e4iv\u00e4n\u00e4 tehtaalle hapettumisen ja happamoitumisen est\u00e4miseksi. T\u00e4\u00e4ll\u00e4 tehd\u00e4\u00e4n ensimm\u00e4inen puhdistus, eli oliiveista erotellaan maa-ainekset ja lehdet. T\u00e4m\u00e4 tapahtuu \u2019puhdistuskoneella\u2019. Sen j\u00e4lkeen oliivit menev\u00e4t myllyyn. Se kokoaa ja jauhaa oliivit kivineen massaksi. Massa asetetaan puristimen levyille. T\u00e4ss\u00e4 prosessissa l\u00e4mp\u00f6tila ei ole korkea, koska maku k\u00e4rsii siit\u00e4. L\u00e4mp\u00f6tila s\u00e4\u00e4det\u00e4\u00e4n automaattisesti, eik\u00e4 se ylit\u00e4 45 celsiusastetta. Puristin pusertaa \u00f6ljyn ulos, ja j\u00e4ljelle j\u00e4\u00e4v\u00e4t lehdet ja kuituaines, jotka puolestaan \u200b\u200bvoidaan k\u00e4ytt\u00e4\u00e4 esimerkiksi kuuluisan oliivi\u00f6ljysaippuan tekoon. Nyt vesi erotetaan \u00f6ljyst\u00e4. T\u00e4m\u00e4 tapahtuu \u00f6ljylingolla. Sen j\u00e4lkeen \u00f6ljy varastoidaan, mieluiten lasiastioihin.Tehdas ei ota maksua oliivien k\u00e4sittelyst\u00e4, mutta vaatii kymmenen prosenttia \u00f6ljyst\u00e4. N\u00e4in kaikki ovat tyytyv\u00e4isi\u00e4.\u00a0Oliivi\u00f6ljy on erinomaista salaateissa, mutta sopii my\u00f6s paistinpannuun ja muuhun ruuanlaittoon. Se on terveellist\u00e4 eik\u00e4 aiheuta kenellek\u00e4\u00e4n vatsa- tai suolisto-ongelmia.<\/span><\/p>\n<p><span style=\"color: #000000;\"><strong>Kreikkalaiset nimip\u00e4iv\u00e4t<\/strong><\/span><br \/>\n<span style=\"color: #000000;\"> Koko Kreikan alueella juhlitaan \u2019nimip\u00e4iv\u00e4\u00e4\u2019. T\u00e4m\u00e4 on uskonnollinen juhla sen pyhimyksen kunniaksi, jonka mukaan ihminen on saanut nimens\u00e4. \u2019Nimip\u00e4iv\u00e4\u2019 on pyhimyksen kuolinp\u00e4iv\u00e4n\u00e4. Hyv\u00e4 esimerkki t\u00e4st\u00e4 on Pyh\u00e4 Nikolaos Ihmeidentekij\u00e4. H\u00e4n kuoli 6.<\/span><br \/>\n<span style=\"color: #000000;\"> joulukuuta vuonna 342. Jokainen t\u00e4t\u00e4 nime\u00e4 kantava kreikkalainen juhlii sin\u00e4 p\u00e4iv\u00e4n\u00e4 \u2019nimip\u00e4iv\u00e4\u00e4ns\u00e4\u2019. Melkein kaikki nimet voidaan antaa sek\u00e4 tyt\u00f6ille ett\u00e4 pojille. Esimerkiksi nimi Nicholas voidaan muuttaa muotoon Nicoletta. Koska kaikille kreikkalaisille annetaan nimi kasteessa, jokaisella on oma \u2019nimip\u00e4iv\u00e4\u2019. Juhlaa, jota kutsutaan nimell\u00e4 \u2019panajirie\u2019 vietet\u00e4\u00e4n p\u00e4iv\u00e4\u00e4 ennen varsinaista juhlap\u00e4iv\u00e4\u00e4. Ensin on jumalanpalvelus ja sen j\u00e4lkeen tanssitaan ja sy\u00f6d\u00e4\u00e4n. Yleens\u00e4 juhlinta alkaa yhdeks\u00e4n aikaan illalla. Ent\u00e4 miksi t\u00e4m\u00e4 on hyv\u00e4 tiet\u00e4\u00e4? Jos olet Rodoksella t\u00e4llaisten \u2019nimip\u00e4ivien\u2019 aikana, niihin kannattaa ehdottomasti osallistua. Vain harvat matkailijat tiet\u00e4v\u00e4t t\u00e4st\u00e4 tapahtumasta, ja se on jotakin hyvin tyypillisesti kreikkalaista, joten olisi s\u00e4\u00e4li j\u00e4tt\u00e4\u00e4 se kokematta. Tietoa kreikkalaisista nimist\u00e4 l\u00f6ytyyseuraavasti linkist\u00e4<\/span><\/p>\n<p><span style=\"color: #000000;\"><strong>Kaste\u00a0<\/strong><\/span><\/p>\n<p><span style=\"color: #000000;\">Yleens\u00e4 lapsi kastetaan t\u00e4\u00e4ll\u00e4 kolmesta kuukaudesta kolmeen vuoteen ik\u00e4isen\u00e4. Kasteessa annetaan nimi lapselle, jota ennen kastetta on puhuteltu lempinimill\u00e4. Kummeilla oli tapana antaa nimi lapselle. Useimmiten se oli isois\u00e4n tai iso\u00e4idin nimi. Aikaisemmin asiasta ei neuvoteltu vanhempien kanssa, mutta nyky\u00e4\u00e4n vanhemmat p\u00e4\u00e4tt\u00e4v\u00e4t itse lapsen nimen. Poikkeuksena t\u00e4st\u00e4 s\u00e4\u00e4nn\u00f6st\u00e4 on lapsen nime\u00e4minen \u2019lupauksena\u2019 jollekin pyhimykselle. Joskus vanhemmat tekev\u00e4t lupauksen ja rukoilevat ja t\u00e4ll\u00e4 tavalla kunnioitetaan pyhimyksen nime\u00e4. T\u00e4st\u00e4 on hyv\u00e4 esimerkki nimen \u2019Tsambikos\u2019 antaminen pojalle ja \u2019Tsambika\u2019 tyt\u00f6lle. T\u00e4m\u00e4 nimi tulee Rodokselta. T\u00e4\u00e4ll\u00e4 on Tsambika-vuori, joka on nimetty Pyh\u00e4n Maria Tsambikan mukaan. Naisen, jolla on vaikeuksia tulla raskaaksi, t\u00e4ytyy kiivet\u00e4 vuorelle paljain jaloin ja rukoilla hedelm\u00e4llisyytt\u00e4 koko y\u00f6 polvillaan pieness\u00e4 kappelissa vuoren huipulla. Jos h\u00e4n my\u00f6hemmin tulee raskaaksi, h\u00e4n antaa lapselle yleens\u00e4 pyhimyksen nimen.. Kastetilaisuudessa ainakin yhden kummin oltava l\u00e4sn\u00e4. Kustannusten takia on tapana pyyt\u00e4\u00e4 kummeiksi useita ihmisi\u00e4. Niinp\u00e4 kun kustannukset jaetaan, kullekin kummille j\u00e4\u00e4 v\u00e4hemm\u00e4n maksettavaa. Kummit maksavat kastevaatteet, kynttil\u00e4t, papin, liinat, kastemakeiset, kultaisen ristin lapselle kasteen j\u00e4lkeen, jopa p\u00e4\u00e4llys- ja alusvaatteet, huopia ja keng\u00e4t. Kasteessa \u00e4iti symbolisesti antaa lapsensa Jumalalle ja siksi h\u00e4n ei saa olla l\u00e4sn\u00e4. Kastetoimituksen j\u00e4lkeen \u00e4iti odottaa kirkon ulko-ovella ottaakseen h\u00e4net vastaan ja kuulee, mik\u00e4 nimi lapselle on annettu.<\/span><\/p>\n<p><span style=\"color: #000000;\"><strong>Tulevaisuuden ennustaminen kahvinporoista<\/strong><\/span><\/p>\n<p><span style=\"color: #000000;\">Et ole todella ollut Kreikassa, jos et ole juonut pient\u00e4 kupillista kreikkalaista kahvia. Kahvi on aina tuoretta, ja sen valmistus tapahtuu n\u00e4in: Laitetaan lusikallinen kahvia ja lusikallinen sokeria kupillista kohti \u2019brikkiin\u2019 (pieni kannu). Lis\u00e4t\u00e4\u00e4n kannuun vesi ja kannu laitetaan avotulelle v\u00e4lill\u00e4 sekoittaen, kunnes kahvi kiehuu. Valmis kahvi kaadetaan kahvikuppiin ja tarjoillaan.<\/span><br \/>\n<span style=\"color: #000000;\"> Kahvikupin pohjalle j\u00e4\u00e4v\u00e4\u00e4 saosta (sit\u00e4 ei pid\u00e4 juoda) voidaan k\u00e4ytt\u00e4\u00e4 tulevaisuuden ennustamiseen. Kun kahvi on juotu, kuppi asetetaan vadille yl\u00f6salaisin. Muutaman minuutin kuluttua kahvi on j\u00e4hmettynyt ja kahvikupin pohjassa voi n\u00e4hd\u00e4 kuvion. Kahvin \u2019lukeminen\u2019 tehd\u00e4\u00e4n kolmessa vaiheessa. Ensimm\u00e4isess\u00e4 vaiheessa luetaan kupin pohja. Jos kahvin j\u00e4tt\u00e4m\u00e4 kuvio on paksu ja tumma, se ei merkitse kovinkaan hyv\u00e4\u00e4. Mutta jos se n\u00e4ytt\u00e4\u00e4 valuneen v\u00e4h\u00e4n yl\u00f6sp\u00e4in, huonot ajat ovat v\u00e4liaikaisia ja parempia on edess\u00e4. Jos pohjaan ei ole tarttunut juuri lainkaan kahvia, se merkitsee, ett\u00e4 tulevaisuus n\u00e4ytt\u00e4\u00e4 valoisalta. Toisessa vaiheessa katsotaan kupin korvapuolelle. T\u00e4\u00e4ll\u00e4 kahvi ennustaa l\u00e4hitulevaisuutta, kun taas kupin muut osat ennustavat my\u00f6hemp\u00e4\u00e4 tulevaisuutta. Kaikilla kahvikupin kuvioilla on merkitys. Esimerkiksi: Yhten\u00e4inen juonne kupissa voi tarkoittaa matkaa, ja juonteen pituus kertoo jotakin matkan pituudesta. Jos t\u00e4m\u00e4n juonteen kanssa on toinen rinnakkain, saat matkaseuraa. Kirjain on sinua ajattelevan yst\u00e4v\u00e4n nimen ensimm\u00e4inen kirjain. Koira tarkoittaa, ett\u00e4 hyv\u00e4 ja luotettava yst\u00e4v\u00e4 ottaa sinuun yhteytt\u00e4. K\u00e4\u00e4rme tarkoittaa, ett\u00e4 harras toiveesi toteutuu. Kukko kertoo, ett\u00e4 hyvi\u00e4 uutisia on tulossa. Ja holvikaari tai oviaukko ennustaa t\u00e4rke\u00e4\u00e4 tapaamista tai haastattelua.<\/span><br \/>\n<span style=\"color: #000000;\"> <strong>Paha silm\u00e4<\/strong><\/span><\/p>\n<p><span style=\"color: #000000;\">Pahassa silm\u00e4ss\u00e4 on kysymys kateudesta. Ihminen kokee uhkaavana \u2019tieteen\u2019, jonka mukaan jollakulla saattaisi olla kyky noitua h\u00e4net vain katsomalla h\u00e4nt\u00e4 \u2019pahalla silm\u00e4ll\u00e4\u2019. Esimerkki: Joku on ostanut uuden auton. H\u00e4nen yst\u00e4v\u00e4ns\u00e4 katsoo autoa hyv\u00e4ksyv\u00e4sti ja sanoo omistajalle, ett\u00e4 h\u00e4n pit\u00e4\u00e4 autosta. Seuraavana p\u00e4iv\u00e4n\u00e4 onnellinen autonomistaja ajaa kadun reunakiveen ja naarmuttaa uuden autonsa. Nyt h\u00e4n ei syyt\u00e4k\u00e4\u00e4n tapahtumasta itse\u00e4\u00e4n, vaan yst\u00e4v\u00e4\u00e4ns\u00e4 joka on katsonut h\u00e4nt\u00e4 \u2019pahalla silm\u00e4ll\u00e4\u2019. T\u00e4st\u00e4 on satoja esimerkkej\u00e4, mutta niiden luetteleminen voi olla aika pitk\u00e4stytt\u00e4v\u00e4\u00e4. Haluan vain antaa pienen lapsia koskevan \u2019varoituksen\u2019. Et koskaan kuule kenenk\u00e4\u00e4n sanovan, ett\u00e4 lapsi on kaunis, suloinen, ihastuttava. Ihmiset pelk\u00e4\u00e4v\u00e4t, ett\u00e4 lapselle tapahtuu jotakin pahaa, ja silloin sanoja on vastuussa tapahtuneesta. Ei, lapsi on ruma, lihava ja huono. Jos joku erehtyy sanomaan jotakin my\u00f6nteist\u00e4, h\u00e4n heti sylk\u00e4isee maahan ik\u00e4\u00e4n kuin haluaisi sylk\u00e4ist\u00e4 pois kateelliset sanat. Nyt voit ajatella, ett\u00e4 voit v\u00e4ltt\u00e4\u00e4 n\u00e4m\u00e4 tilanteet yksinkertaisesti olemalla sanomatta mit\u00e4\u00e4n\u2026 v\u00e4\u00e4rin, my\u00f6s kateellisista ajatuksista voidaan syytt\u00e4\u00e4. On paljon esimerkkej\u00e4, mutta luulen ett\u00e4 ymm\u00e4rr\u00e4t. Jos jollakin on p\u00e4iv\u00e4, josta sanotaan, ett\u00e4 olisi ollut parempi pysy\u00e4 vuoteessa, voit helposti ajatella, ett\u00e4 sinua on katsottu \u2019pahalla silm\u00e4ll\u00e4\u2019.<\/span><br \/>\n<span style=\"color: #000000;\"> Ainoa ratkaisu pahan silm\u00e4n vaikutuksen poistamiseksi on rituaali nimelt\u00e4 \u2019ontogen\u2019. Sen voi suorittaa vain henkil\u00f6, joka tiet\u00e4\u00e4 oikeat sanat ja toimet, ja vain vanhemmat naiset tuntevat ne t\u00e4ydellisesti. He k\u00e4ytt\u00e4v\u00e4t \u00f6ljy\u00e4 ja suitsuketta, ja \u2019kohteen\u2019 t\u00e4ytyy olla fyysisesti l\u00e4sn\u00e4. Se tapahtuu n\u00e4in: Nainen sytytt\u00e4\u00e4 muutaman suitsukkeen ja laittaa ne syv\u00e4\u00e4n astiaan, jossa on vett\u00e4 ja \u00f6ljy\u00e4. \u00d6ljy kelluu veden pinnalla. H\u00e4n tekee palavalla suitsukkeella ristin muotoisia eleit\u00e4 \u2019kohteen\u2019 yl\u00e4puolella pahasta silm\u00e4st\u00e4 vapauttavien sanojen saattelemana. Sanoihin sis\u00e4ltyy pari kertaa sana \u2019valkosipuli\u2019, ja h\u00e4n sylkee maahan. Kun t\u00e4m\u00e4 on tehty, h\u00e4n heitt\u00e4\u00e4 suitsukkeen astiaan. Kun sihin\u00e4 on loppunut, \u00f6ljyyn syntyy yksi tai useampi kupla. Kuplien m\u00e4\u00e4r\u00e4st\u00e4 ja koosta voi n\u00e4hd\u00e4, kuinka paljon paha silm\u00e4 on vaikuttanut. Onneksi vaikutus h\u00e4vi\u00e4\u00e4 t\u00e4ll\u00e4 menetelm\u00e4ll\u00e4, ja henkil\u00f6 voi jatkaa el\u00e4m\u00e4\u00e4ns\u00e4 luottavaisena. Pahan silm\u00e4n vaikutusta voi onneksi torjua my\u00f6s kantamalla talismaanina sinist\u00e4 silm\u00e4\u00e4. Sit\u00e4 ei saa ostaa itse, vaan se t\u00e4ytyy jonkun toisen lahjoittaa. Sinisen silm\u00e4n voi kuitenkin ostaa mist\u00e4 tahansa korukaupasta joko kaulariipukseen tai rannekoruun. Sit\u00e4 kutsutaan nimell\u00e4 \u2019matti\u2019, mik\u00e4 tarkoittaa silm\u00e4\u00e4. Ehk\u00e4p\u00e4 mukava matkamuisto kotiin viet\u00e4v\u00e4ksi.<\/span><br \/>\n<span style=\"color: #000000;\"> Valkoiset puurungot<\/span><\/p>\n<p><span style=\"color: #000000;\">Muurahaisten ja sy\u00f6p\u00e4l\u00e4isten karkottaminen on p\u00e4\u00e4asiallinen syy siihen, ett\u00e4 Kreikassa puunrungot maalataan usein valkoisiksi.<\/span><br \/>\n<span style=\"color: #000000;\"> Sit\u00e4paitsi se n\u00e4ytt\u00e4\u00e4 my\u00f6s kivalta!<\/span><br \/>\n<span style=\"color: #000000;\"> Rukousnauha<\/span><\/p>\n<p><span style=\"color: #000000;\">Kreikkalaisten miesten k\u00e4siss\u00e4\u00e4n py\u00f6rittelemill\u00e4 rukousnauhoilla ei ole mink\u00e4\u00e4nlaista uskonnollista merkityst\u00e4. Se on vain ajan tappamista.<\/span><br \/>\n<span style=\"color: #000000;\"> Osta sellainen ja yrit\u00e4 \u2013 itse asiassa on paljon vaikeampaa saada se kieppumaan kuin milt\u00e4 se n\u00e4ytt\u00e4\u00e4.<\/span><br \/>\n<span style=\"color: #000000;\"> Rautatangot<\/span><\/p>\n<p><span style=\"color: #000000;\">Katoilta esiin pist\u00e4v\u00e4t rautatangot ovat vain mahdollista tulevaa talon laajennusta varten. Niill\u00e4 EI OLE MIT\u00c4\u00c4N tekemist\u00e4 verotuksesta vapautumisen kanssa niin kauan kuin talo ei ole viel\u00e4 valmis (vaikkakin se on hyv\u00e4 tarina!).<\/span><br \/>\n<span style=\"color: #000000;\"> Yksin sy\u00f6minen ja odotus kreikkalaisesssa tavernassa<\/span><\/p>\n<p><span style=\"color: #000000;\">Tullessaan yksin sy\u00f6m\u00e4\u00e4n voi joutua odottamaan jokseenkin kauan tarjoilijan saapumista. Kreikassa on hyvin ep\u00e4tavallista, ett\u00e4 joku sy\u00f6 yksin. Oletetaan h\u00e4nen odottavan jotakin. On hyvin ep\u00e4kohteliasta ja ylimielist\u00e4 tarjoilijalta ottaa tilaus ennen kuin kaikki ruokailijat ovat saapuneet. T\u00e4m\u00e4 k\u00e4yt\u00e4nt\u00f6 on muuttunut turistikeskuksissa ja etenkin turisteja kohtaan, mutta voi tapahtua viel\u00e4 pieniss\u00e4 kyliss\u00e4.<\/span><\/p>\n<p><span style=\"color: #000000;\"><strong>Kirkossa k\u00e4ynti<\/strong><\/span><br \/>\n<span style=\"color: #000000;\"> Vieraillessasi kreikkalaisessa kirkossa sinun t\u00e4ytyy olla asiallisesti pukeutunut. On ep\u00e4kohteliasta tulla kirkkoon olkap\u00e4\u00e4t ja polvet peitt\u00e4m\u00e4tt\u00f6min\u00e4. T\u00e4m\u00e4 s\u00e4\u00e4nt\u00f6 koskee sek\u00e4 miehi\u00e4 ett\u00e4 naisia. Niinp\u00e4 jos haluat kunnioittaa maan tapoja, pid\u00e4 t\u00e4m\u00e4 mieless\u00e4si.<\/span><br \/>\n<span style=\"color: #000000;\"> Kun kreikkalainen pyyt\u00e4\u00e4 drinkille tai sy\u00f6m\u00e4\u00e4n<\/span><br \/>\n<span style=\"color: #000000;\"> Jos olet saanut kutsun illalliselle tai drinkille, \u00c4L\u00c4 KOSKAAN yrit\u00e4 \u2019napata\u2019 laskua, kuten usein teemme Pohjois-Euroopassa. Tied\u00e4n turisteja, jotka ovat halunneet olla kohteliaita is\u00e4nt\u00e4\u00e4ns\u00e4 kohtaan ja vet\u00e4neet laskun t\u00e4m\u00e4n k\u00e4dest\u00e4 maksaakseen sen. Koskaan ei yst\u00e4vyys ole viilentynyt yht\u00e4 nopeasti, koska kreikkalainen on tuntenut itsens\u00e4 nolatuksi.<\/span><br \/>\n<span style=\"color: #000000;\"> Kutsu kreikkalaiseen kotiin<\/span><br \/>\n<span style=\"color: #000000;\"> Jos sinut on kutsuttu kreikkalaiseen kotiin, muista tuoda jotakin is\u00e4nt\u00e4v\u00e4elle, yleisimmin kukkia tai suklaata. Jos kyseess\u00e4 on nimip\u00e4iv\u00e4, sinun t\u00e4ytyy tuoda lahja, jonka annat saapuessasi. Lahja, muiden lahjojen tapaan, asetetaan p\u00f6yd\u00e4lle \u2013 avaamattomana. Kreikkalainen avaa kaikki lahjat heti viimeisen vieraan poistuttua. Jos h\u00e4n ei pid\u00e4 lahjasta, h\u00e4nen ei tarvitse teeskennell\u00e4 pit\u00e4v\u00e4ns\u00e4. Se on itse asiassa hyvin k\u00e4yt\u00e4nn\u00f6llinen tapa.<\/span><br \/>\n<span style=\"color: #000000;\"> Tippi<\/span><br \/>\n<span style=\"color: #000000;\"> Vaikka yleisesti sanotaan, ett\u00e4 juomaraha eli tippi sis\u00e4ltyy hintaan, sit\u00e4 on totuttu j\u00e4tt\u00e4m\u00e4\u00e4n silloin, kun on oltu tyytyv\u00e4isi\u00e4 saatuun palveluun. Tippi on tavallisesti noin 10 %, mutta varo antamasta sit\u00e4 liikaa. Seuraava tarina kuvaa miksi: Yst\u00e4vykset, jotka olivat viett\u00e4neet er\u00e4\u00e4ss\u00e4 hotellissa kaksi viikkoa, halusivat antaa viimeisen\u00e4 iltana tarjoilijalleen tippi\u00e4. Niinp\u00e4 he antoivat h\u00e4nelle 30 euroa. Kun he olivat poistuneet kymmenen askelen p\u00e4\u00e4h\u00e4n p\u00f6yd\u00e4st\u00e4\u00e4n, tarjoilija rynt\u00e4si heid\u00e4n per\u00e4\u00e4ns\u00e4 ja sanoi, ett\u00e4 he olivat erehtyneet kreikkalaisessa rahassa. H\u00e4n sanoi, ettei summa ollut oikea. Tarjoilija seurasi heit\u00e4 baariin, miss\u00e4 he joivat kahvia ja Metaxaa sek\u00e4 my\u00f6hemmin muita juomia ja ouzoa. Kun he pyysiv\u00e4t baarista l\u00e4htiess\u00e4\u00e4n laskua, joka oli enemm\u00e4n kuin 30 euroa, baarinhoitaja sanoi heille, ett\u00e4 tipin saanut tarjoilija oli jo maksanut laskun.<\/span><\/p>\n<p>&nbsp;<\/p>\n","protected":false},"excerpt":{"rendered":"<p>Paikalliset puvut, joita viel\u00e4kin joskus k\u00e4ytet\u00e4\u00e4n, ovat per\u00e4isin Embonan kyl\u00e4st\u00e4 ja n\u00e4ytt\u00e4v\u00e4t t\u00e4lt\u00e4 (kuva vasemmalla). Naisten pukuun kuuluu valkoinen pusero (malola), jonka keskikohdalla on muutamia poimutuksia. Hihoissa ja puseron laskoksissa on kauniisti brodeeratut nauhat. N\u00e4m\u00e4 kuviot syntyiv\u00e4t aikana, jolloin Rodoksella viel\u00e4 viljeltiin puuvillaa ja pidettiin lampaita. Kaikki materiaali kauniiden k\u00e4sit\u00f6iden tekemiseen l\u00f6ytyi l\u00e4helt\u00e4. Hame, jossa&hellip;<\/p>\n","protected":false},"author":5,"featured_media":0,"parent":0,"menu_order":0,"comment_status":"closed","ping_status":"closed","template":"","meta":{"footnotes":""},"class_list":["post-76","page","type-page","status-publish","hentry"],"translation":{"provider":"WPGlobus","version":"3.0.0","language":"fi","enabled_languages":["nl","fi","de","gb"],"languages":{"nl":{"title":true,"content":true,"excerpt":false},"fi":{"title":true,"content":true,"excerpt":false},"de":{"title":true,"content":false,"excerpt":false},"gb":{"title":true,"content":false,"excerpt":false}}},"aioseo_notices":[],"_links":{"self":[{"href":"https:\/\/rhodosinfo.com\/fi\/wp-json\/wp\/v2\/pages\/76","targetHints":{"allow":["GET"]}}],"collection":[{"href":"https:\/\/rhodosinfo.com\/fi\/wp-json\/wp\/v2\/pages"}],"about":[{"href":"https:\/\/rhodosinfo.com\/fi\/wp-json\/wp\/v2\/types\/page"}],"author":[{"embeddable":true,"href":"https:\/\/rhodosinfo.com\/fi\/wp-json\/wp\/v2\/users\/5"}],"replies":[{"embeddable":true,"href":"https:\/\/rhodosinfo.com\/fi\/wp-json\/wp\/v2\/comments?post=76"}],"version-history":[{"count":23,"href":"https:\/\/rhodosinfo.com\/fi\/wp-json\/wp\/v2\/pages\/76\/revisions"}],"predecessor-version":[{"id":5113,"href":"https:\/\/rhodosinfo.com\/fi\/wp-json\/wp\/v2\/pages\/76\/revisions\/5113"}],"wp:attachment":[{"href":"https:\/\/rhodosinfo.com\/fi\/wp-json\/wp\/v2\/media?parent=76"}],"curies":[{"name":"wp","href":"https:\/\/api.w.org\/{rel}","templated":true}]}}