{"id":72,"date":"2017-01-30T13:34:16","date_gmt":"2017-01-30T12:34:16","guid":{"rendered":"http:\/\/www.rhodosinfo.com\/?page_id=72"},"modified":"2023-03-21T21:06:03","modified_gmt":"2023-03-21T19:06:03","slug":"gezond-op-reis","status":"publish","type":"page","link":"https:\/\/rhodosinfo.com\/fi\/gezond-op-reis\/","title":{"rendered":"Sairastuminen matkan aikana"},"content":{"rendered":"<p><span style=\"color: #000000;\">Jos vaiva on pieni, se voidaan hoitaa apteekissa (farmakeio), mist\u00e4 voit saada l\u00e4\u00e4kkeiden lis\u00e4ksi my\u00f6s hyvi\u00e4 neuvoja. Jos on kyseess\u00e4 vakavampi sairaus tai se kest\u00e4\u00e4 yli kolme p\u00e4iv\u00e4\u00e4, sinun t\u00e4ytyy k\u00e4\u00e4nty\u00e4 l\u00e4\u00e4k\u00e4rin puoleen. My\u00f6s matkanj\u00e4rjest\u00e4jill\u00e4 on yhteystiedot l\u00e4\u00e4k\u00e4reist\u00e4, joilta voi matkavakuutuskortin esitt\u00e4m\u00e4ll\u00e4 saada hoitoa eik\u00e4 rahaa tarvitse hoitotilanteessa k\u00e4ytt\u00e4\u00e4. On my\u00f6s mahdollista, ett\u00e4 l\u00e4\u00e4k\u00e4ri tulee k\u00e4ym\u00e4\u00e4n hotellissa. Eurooppalainen sairausvakuutuskortti takaa matkailijalle saman hoidon kuin paikallisille yleisess\u00e4 sairaalassa. Lis\u00e4tietoa linkist\u00e4 kohta <a href=\"http:\/\/www.terveyskirjasto.fi\/terveyskirjasto\/ktl.mat?p_artikkeli=mat00011#s1\" target=\"_blank\" rel=\"noopener\">Sairaanhoito EU- ja ETA-maissa ja Sveitsiss\u00e4<\/a><\/span><\/p>\n<p>&nbsp;<\/p>\n<p><span style=\"color: #000000;\">Rodoksen kaupungissa on yksityinen l\u00e4\u00e4k\u00e4riasema Krito Medical Center, jolla on vuosien kokemus matkailualalla. L\u00e4\u00e4k\u00e4riasemalla on kielitaitoinen henkil\u00f6kunta, joka auttaa ja neuvoo matkailijaa.<\/span><\/p>\n<p><span style=\"color: #000000;\">Klinikalla on asiantuntijoita kuten sis\u00e4tautil\u00e4\u00e4k\u00e4reit\u00e4, lastenl\u00e4\u00e4k\u00e4ri, ortopedi, gynekologi, hengityselinsairauksien l\u00e4\u00e4k\u00e4ri ja mikrobiologi (kaikki laboratoriokokeet) yhteisty\u00f6ss\u00e4 tutkimuslaitoksen (r\u00f6ntgen, skannaus, MRI jne.) ja hammasl\u00e4\u00e4k\u00e4rin kanssa.<\/span><\/p>\n<p><span style=\"color: #000000;\">Keskeinen tavoite on antaa diagnoosi ja saada oikea l\u00e4\u00e4kitys, jotta voit tervehty\u00e4 ja jatkaa lomaasi.<\/span><\/p>\n<p><span style=\"color: #000000;\">Klinikka hyv\u00e4ksyy kaikki matkavakuutukset.<\/span><\/p>\n<p><span style=\"color: #000000;\">L\u00e4\u00e4k\u00e4rip\u00e4ivystys 24 tuntia vuorokaudessa puh.<\/span><br \/>\n<span style=\"color: #000000;\"> (0030)22410-38008.<\/span><\/p>\n<p><span style=\"color: #000000;\">Rodoksen saarella on kaksi sairaalaa.<\/span><\/p>\n<p><span style=\"color: #000000;\">Andreas Papandreou on yleinen,&#8217;valtion sairaala&#8217;, jossa on l\u00e4hes kaikki l\u00e4\u00e4ketieteen erikoisalat. L\u00e4\u00e4k\u00e4rit ovat kokeneita, osaavia ja englannin kielen taitoisia. Mik\u00e4li sairaala ei pysty hoitamaan jotakin potilasta, h\u00e4net kuljetetaan Ateenaan helikopterilla. Eurooppalainen sairaanhoitokortti sairaanhoitokortti k\u00e4y t\u00e4\u00e4ll\u00e4<\/span><\/p>\n<p><span style=\"color: #000000;\">Yhteystiedot: puh. (+30)22410-80000, fax (+30)22410-80117.<\/span><\/p>\n<p><span style=\"color: #000000;\">Euro Medica on yksityinen sairaala, jossa on &#8216;eurooppalainen tunnelma&#8217;. Saadakseen hoitoa t\u00e4ss\u00e4 sairaalassa t\u00e4ytyy olla matkavakuutus, mik\u00e4li haluaa v\u00e4ltty\u00e4 suurilta kustannuksilta. Yksityissairaalassa hoito voi olla hyvin kallista. Kannattaa ottaa yhteytt\u00e4 vakuutusyhti\u00f6\u00f6n etuk\u00e4teen varmistuakseen kustannusten korvaamisesta.<\/span><\/p>\n<p><span style=\"color: #000000;\">Yhteystiedot: puh. (0030)22410-45000, fax<\/span><br \/>\n<span style=\"color: #000000;\"> (+30)22410-45010.<\/span><\/p>\n<p><span style=\"color: #000000;\">Huomaathan, ett\u00e4 alkoholin nauttimisen aiheuttamat sairaudet eiv\u00e4t kuulu vakuutuksen piiriin. Samoin aiemmat sairaudet voivat vaikuttaa korvauksen my\u00f6nt\u00e4miseen vakuutusyhti\u00f6st\u00e4 riippuen.<\/span><\/p>\n<p><span style=\"color: #000000;\">L\u00e4\u00e4k\u00e4rin hoitoon p\u00e4\u00e4st\u00e4ksesi pienemmiss\u00e4 paikoissa kuten Tholos, Ixia, Faliraki, Kolimbia ja Pefkos, ota yhteys matkanj\u00e4rjest\u00e4j\u00e4\u00e4n tai suoraan Euro Medicaan tai Crito Medical Centeriin.<\/span><\/p>\n<p><span style=\"color: #000000;\">Vain harva tiet\u00e4\u00e4: <a href=\"http:\/\/yle.fi\/uutiset\/3-8868352\" target=\"_blank\" rel=\"noopener\">Ilmainen sairaanhoitokortti <\/a>voi s\u00e4\u00e4st\u00e4\u00e4 reissussa tuhansia euroja<\/span><br \/>\n<span style=\"color: #000000;\"> Sairaalareissu vieraassa maassa voi maksaa tuhansia euroja ilman eurooppalaista airaanhoitokorttia. Ilmainen ja vaatimattoman n\u00e4k\u00f6inen<\/span><br \/>\n<span style=\"color: #000000;\"> kortti oikeuttaa v\u00e4ltt\u00e4m\u00e4tt\u00f6m\u00e4\u00e4n sairaanhoitoon paikalliseen hintaan.<\/span><br \/>\n<span style=\"color: #000000;\"> Moni suomalainen ei kuitenkaan ole kortista kuullutkaan.<\/span><\/p>\n<p><span style=\"color: #000000;\"><script async=\"\" src=\"\/\/pagead2.googlesyndication.com\/pagead\/js\/adsbygoogle.js\"><\/script><\/span><br \/>\n<span style=\"color: #000000;\"> <!-- mobiel --><\/span><br \/>\n<ins class=\"adsbygoogle\" style=\"display: block;\" data-ad-client=\"ca-pub-3888415975754403\" data-ad-slot=\"2320333521\" data-ad-format=\"auto\"><\/ins><br \/>\n<span style=\"color: #000000;\"> <script><br \/>\n(adsbygoogle = window.adsbygoogle || []).push({});<br \/>\n<\/script><\/span><\/p>\n","protected":false},"excerpt":{"rendered":"<p>Jos vaiva on pieni, se voidaan hoitaa apteekissa (farmakeio), mist\u00e4 voit saada l\u00e4\u00e4kkeiden lis\u00e4ksi my\u00f6s hyvi\u00e4 neuvoja. Jos on kyseess\u00e4 vakavampi sairaus tai se kest\u00e4\u00e4 yli kolme p\u00e4iv\u00e4\u00e4, sinun t\u00e4ytyy k\u00e4\u00e4nty\u00e4 l\u00e4\u00e4k\u00e4rin puoleen. My\u00f6s matkanj\u00e4rjest\u00e4jill\u00e4 on yhteystiedot l\u00e4\u00e4k\u00e4reist\u00e4, joilta voi matkavakuutuskortin esitt\u00e4m\u00e4ll\u00e4 saada hoitoa eik\u00e4 rahaa tarvitse hoitotilanteessa k\u00e4ytt\u00e4\u00e4. On my\u00f6s mahdollista, ett\u00e4 l\u00e4\u00e4k\u00e4ri tulee&hellip;<\/p>\n","protected":false},"author":5,"featured_media":0,"parent":0,"menu_order":0,"comment_status":"closed","ping_status":"closed","template":"","meta":{"footnotes":""},"class_list":["post-72","page","type-page","status-publish","hentry"],"translation":{"provider":"WPGlobus","version":"3.0.0","language":"fi","enabled_languages":["nl","fi","de","gb"],"languages":{"nl":{"title":true,"content":true,"excerpt":false},"fi":{"title":true,"content":true,"excerpt":false},"de":{"title":true,"content":true,"excerpt":false},"gb":{"title":false,"content":false,"excerpt":false}}},"aioseo_notices":[],"_links":{"self":[{"href":"https:\/\/rhodosinfo.com\/fi\/wp-json\/wp\/v2\/pages\/72","targetHints":{"allow":["GET"]}}],"collection":[{"href":"https:\/\/rhodosinfo.com\/fi\/wp-json\/wp\/v2\/pages"}],"about":[{"href":"https:\/\/rhodosinfo.com\/fi\/wp-json\/wp\/v2\/types\/page"}],"author":[{"embeddable":true,"href":"https:\/\/rhodosinfo.com\/fi\/wp-json\/wp\/v2\/users\/5"}],"replies":[{"embeddable":true,"href":"https:\/\/rhodosinfo.com\/fi\/wp-json\/wp\/v2\/comments?post=72"}],"version-history":[{"count":17,"href":"https:\/\/rhodosinfo.com\/fi\/wp-json\/wp\/v2\/pages\/72\/revisions"}],"predecessor-version":[{"id":5171,"href":"https:\/\/rhodosinfo.com\/fi\/wp-json\/wp\/v2\/pages\/72\/revisions\/5171"}],"wp:attachment":[{"href":"https:\/\/rhodosinfo.com\/fi\/wp-json\/wp\/v2\/media?parent=72"}],"curies":[{"name":"wp","href":"https:\/\/api.w.org\/{rel}","templated":true}]}}