{"id":5052,"date":"2021-10-11T14:07:10","date_gmt":"2021-10-11T11:07:10","guid":{"rendered":"https:\/\/rhodosinfo.com\/home\/"},"modified":"2025-05-17T04:42:30","modified_gmt":"2025-05-17T01:42:30","slug":"home","status":"publish","type":"page","link":"https:\/\/rhodosinfo.com\/fi\/","title":{"rendered":"Koti"},"content":{"rendered":"<p><span style=\"color: #000000;\">Kreikan saaristoon kuuluu yli 2000 saarta joista noin 170 on asuttuja. Rodos on n\u00e4ist\u00e4 nelj\u00e4nneksi suurin. Saaren pinta-ala on noin 1390 neli\u00f6kilometri\u00e4.<\/span><\/p>\n<p><span style=\"color: #000000;\">Rodoksella on hyvin mielenkiintoinen historia, jonka j\u00e4ljet ulottuvat t\u00e4h\u00e4n p\u00e4iv\u00e4\u00e4n asti. Vanhassa kaupungissa el\u00e4\u00e4 edelleen Rodosta 1300-luvulta 1500-luvulle hallinneiden Johanniittain ritarien perint\u00f6. Siell\u00e4 on my\u00f6s mukava kuljeskella jalan, koska ritarikortteleissa on autolla ajo kielletty.<\/span><br \/>\n<span style=\"color: #000000;\"> Saaren keskell\u00e4 kulkee vuorijono, Akramytis (823 m), Attaviros (1215 m) ja Profitis Ilias (800 m), jonka molemmin puolin levitt\u00e4ytyv\u00e4t hedelm\u00e4lliset tasangot.<\/span><\/p>\n<p><span style=\"color: #000000;\">Rodoksen keskil\u00e4mp\u00f6tila sijoittuu 19 celsiukseen. Talvet ovat lempeit\u00e4 ja kes\u00e4isin viilent\u00e4\u00e4 koillisesta puhaltava viile\u00e4 tuuli. Aurinkoisia p\u00e4ivi\u00e4 saarella on noin 280. Syyst\u00e4kin Rodosta kutsutaan auringon saareksi.<\/span><\/p>\n<p><span style=\"color: #000000;\">Vallitsevasta tuulesta johtuen saaren l\u00e4nsipuoli sopii erinomaisesti surffaukseen. Saaren it\u00e4puoliset rannat ovat v\u00e4h\u00e4tuulisempia ja sielt\u00e4 l\u00f6ytyv\u00e4t my\u00f6s parhaimmat hiekkarannat.<\/span><\/p>\n<p><span style=\"color: #000000;\">Teille jotka haluatte nauttia vauhdikkaasta ilta- ja y\u00f6el\u00e4m\u00e4st\u00e4 Faliraki on oikea paikka. Jos haluatte rauhallisempaa lomanviettoa, saaren etel\u00e4puoli tarjoaa sit\u00e4. Sielt\u00e4 l\u00f6yd\u00e4tte helpommin aidon Rodoksen kauniin luonnon ja kulttuurin.<\/span><\/p>\n<p><span style=\"color: #000000;\">Valuutta ja luottokortit: Euro. Tunnetuimmat luottokortit hyv\u00e4ksyt\u00e4\u00e4n yleisesti. Valuuttaa voi my\u00f6s nostaa pankkiautomaateista. Aikaero: Aika sama kuin Suomessa. S\u00e4hk\u00f6verkko: 220 V. Pankit: auki 08.00 \u2013 14.00 ja postitoimistot avoinna arkisin 08.00 \u2013 20.00. Viikonloput suljettuina.<\/span><\/p>\n<p><span style=\"color: #000000;\">Kulkuyhteydet: Paikalliset linja-autot l\u00e4htev\u00e4t Mandrakin satamasta. Lippuja saa bussin rahastajalta tai paikallisista kioskeista. Bussiyhteydet ovat hyv\u00e4t sek\u00e4 kaupunkialueella ett\u00e4 koko saarella. Taksilla liikkuminen on edullista. Laivalla p\u00e4\u00e4see mm. Symille, Kosille, Samokselle ja Kyprokselle. Lent\u00e4en mm. Ateenaan ja Kreetalle.<\/span><\/p>\n<p><span style=\"color: #000000;\">Liikenne: Saarelta voit vuokrata mopon, polkupy\u00f6r\u00e4n, moottoripy\u00f6r\u00e4n, auton, pikkubussin jne. Vuokraus on edullista ja vuokraamoja, my\u00f6s kansainv\u00e4lisi\u00e4 ketjuja, l\u00f6ytyy runsaasti. Muistakaa paikallisten ajotyyli, joka ei ole aivan samanlaista kuin kotona. Jos et ole varma etuajo-oikeudesta, anna toisten menn\u00e4 ensin. Saarella on nopeusrajoitus kaupunkialueilla 50 km\/t ja taajamien ulkopuolella 80 km\/t. Autoissa on k\u00e4ytett\u00e4v\u00e4 turvav\u00f6it\u00e4 ja kaksipy\u00f6r\u00e4isill\u00e4 on kyp\u00e4r\u00e4pakko.<\/span><br \/>\n<span style=\"color: #000000;\"> Internet-kahviloita l\u00f6ytyy useita. Listan niist\u00e4 l\u00f6yd\u00e4t Rodoksen y\u00f6el\u00e4m\u00e4n sivuilta. Tuulet ovat suotuisia surffaukseen suurimman osan kes\u00e4st\u00e4, ja sit\u00e4 voi harrastaa lukemattomilla rannoilla. Purjeveneen voi vuokrata joko miehist\u00f6ll\u00e4 tai ilman, mutta jos aikoo purjehtia omin voimin, niin veneen vuokrausj\u00e4rjestelyt kannattaa aloittaa jo Suomessa. TV-ohjelmia p\u00e4\u00e4see seuraamaan englanniksi BBC:n ja CNN:n l\u00e4hetyksiss\u00e4.<\/span><\/p>\n<p><span style=\"color: #000000;\">Mit\u00e4 muuta saarella voi tehd\u00e4: Periaatteessa kaikkea mit\u00e4 voi kuvitella. Benjihyppy\u00e4, slingshottia, retkeily\u00e4, punttisalia, keilailua, tennist\u00e4, golfia (Afandou), minigolfia, pelata Casinolla, ratsastaa, sukeltaa, vesihiiht\u00e4\u00e4, k\u00e4yd\u00e4 vesipuistossa ja lukemattomia muita asioita. Suurimmalla osalla Rodoksen rannoista l\u00f6yd\u00e4t EU:n erityisen puhtaaksi luokitteleman nk. sinisen lipun.<\/span><\/p>\n<p><span style=\"color: #000000;\">Puhelut: Soittaessasi Rodokselle aloitat suuntanumerolla 0030 Kreikkaan, sitten 22410 Rodoksen suunta ja sen j\u00e4lkeen paikallinen puhelinnumero. Matkapuhelimet toimivat moitteettomasti Rodoksella.<\/span><\/p>\n<p><span style=\"color: #000000;\">T\u00e4rkeit\u00e4 puhelinnumeroita:<\/span><br \/>\n<span style=\"color: #000000;\"> Yleinen h\u00e4lytysnumero 100 Taxi 22410-27666 (Rhodes)<\/span><br \/>\n<span style=\"color: #000000;\">Taxi 22410-85444 (Faliraki)<\/span><br \/>\n<span style=\"color: #000000;\"> Sairaala 22410-80000 Kansallinen<\/span><br \/>\n<span style=\"color: #000000;\"> turistineuvonta 22410-23655<\/span><br \/>\n<span style=\"color: #000000;\"> Ensi-apu 22410-85555<\/span><br \/>\n<span style=\"color: #000000;\"> L\u00f6yt\u00f6tavaratoimisto 22410-23294<\/span><\/p>\n<p><a href=\"https:\/\/um.fi\/edustustot-maittain\" target=\"_blank\" rel=\"noopener noreferrer\" data-senna-off=\"true\">Suomen kunniakonsulaattit<\/a><\/p>\n<p><script async=\"\" src=\"\/\/pagead2.googlesyndication.com\/pagead\/js\/adsbygoogle.js\"><\/script><br \/>\n<!-- mobiel 2 --><br \/>\n<ins class=\"adsbygoogle\" style=\"display: block;\" data-ad-client=\"ca-pub-3888415975754403\" data-ad-slot=\"6271830326\" data-ad-format=\"auto\"><\/ins><br \/>\n<script><br \/>\n(adsbygoogle = window.adsbygoogle || []).push({});<br \/>\n<\/script><\/p>\n","protected":false},"excerpt":{"rendered":"<p>Kreikan saaristoon kuuluu yli 2000 saarta joista noin 170 on asuttuja. Rodos on n\u00e4ist\u00e4 nelj\u00e4nneksi suurin. Saaren pinta-ala on noin 1390 neli\u00f6kilometri\u00e4. Rodoksella on hyvin mielenkiintoinen historia, jonka j\u00e4ljet ulottuvat t\u00e4h\u00e4n p\u00e4iv\u00e4\u00e4n asti. Vanhassa kaupungissa el\u00e4\u00e4 edelleen Rodosta 1300-luvulta 1500-luvulle hallinneiden Johanniittain ritarien perint\u00f6. Siell\u00e4 on my\u00f6s mukava kuljeskella jalan, koska ritarikortteleissa on autolla ajo&hellip;<\/p>\n","protected":false},"author":5,"featured_media":0,"parent":0,"menu_order":0,"comment_status":"closed","ping_status":"closed","template":"home-template.php","meta":{"footnotes":""},"class_list":["post-5052","page","type-page","status-publish","hentry"],"translation":{"provider":"WPGlobus","version":"3.0.0","language":"fi","enabled_languages":["nl","fi","de","gb"],"languages":{"nl":{"title":true,"content":true,"excerpt":false},"fi":{"title":true,"content":true,"excerpt":false},"de":{"title":true,"content":true,"excerpt":false},"gb":{"title":true,"content":true,"excerpt":false}}},"aioseo_notices":[],"_links":{"self":[{"href":"https:\/\/rhodosinfo.com\/fi\/wp-json\/wp\/v2\/pages\/5052","targetHints":{"allow":["GET"]}}],"collection":[{"href":"https:\/\/rhodosinfo.com\/fi\/wp-json\/wp\/v2\/pages"}],"about":[{"href":"https:\/\/rhodosinfo.com\/fi\/wp-json\/wp\/v2\/types\/page"}],"author":[{"embeddable":true,"href":"https:\/\/rhodosinfo.com\/fi\/wp-json\/wp\/v2\/users\/5"}],"replies":[{"embeddable":true,"href":"https:\/\/rhodosinfo.com\/fi\/wp-json\/wp\/v2\/comments?post=5052"}],"version-history":[{"count":7,"href":"https:\/\/rhodosinfo.com\/fi\/wp-json\/wp\/v2\/pages\/5052\/revisions"}],"predecessor-version":[{"id":5255,"href":"https:\/\/rhodosinfo.com\/fi\/wp-json\/wp\/v2\/pages\/5052\/revisions\/5255"}],"wp:attachment":[{"href":"https:\/\/rhodosinfo.com\/fi\/wp-json\/wp\/v2\/media?parent=5052"}],"curies":[{"name":"wp","href":"https:\/\/api.w.org\/{rel}","templated":true}]}}