{"id":233,"date":"2017-01-30T17:20:13","date_gmt":"2017-01-30T16:20:13","guid":{"rendered":"http:\/\/www.rhodosinfo.com\/?page_id=233"},"modified":"2026-04-07T14:06:12","modified_gmt":"2026-04-07T11:06:12","slug":"eiland-geschiedenis","status":"publish","type":"page","link":"https:\/\/rhodosinfo.com\/fi\/eiland-geschiedenis\/","title":{"rendered":"Saaren historia"},"content":{"rendered":"<p><span style=\"color: #000000;\">Rodoksen synnyst\u00e4 on olemassa kaksi myytti\u00e4.<\/span><\/p>\n<p><span style=\"color: #000000;\">Ensimm\u00e4inen myytti kertoo, ett\u00e4 silloin kun Zeus voitti titaanit ja tuli maan hallitsijaksi, h\u00e4n p\u00e4\u00e4tti jakaa maan Olymposin jumalien kesken.<\/span><br \/>\n<span style=\"color: #000000;\"> Tilaisuudesta kuitenkin puuttui Helios-jumala, eik\u00e4 kukaan muistanut h\u00e4nt\u00e4.<\/span><br \/>\n<span style=\"color: #000000;\"> Kun Helios palasi, h\u00e4n valitti Zeukselle tapahtuneesta v\u00e4\u00e4ryydest\u00e4. Zeus lupasi h\u00e4nelle ensimm\u00e4isen saaren joka nousisi vedest\u00e4. Samaan aikaan merest\u00e4 alkoi nousta kaunis, kukkia t\u00e4ynn\u00e4 oleva saari. T\u00e4m\u00e4 saari oli Rodos.<\/span><br \/>\n<span style=\"color: #000000;\"> Helios oli tyytyv\u00e4inen ja valaisi saaren omalla loisteellaan ja teki siit\u00e4 Egeanmeren kauneimman saaren.<\/span><br \/>\n<span style=\"color: #000000;\"> Toinen myytti kertoo Rodoksen syntyneen Helios-jumalan ja Rodos-nymfin, meren jumalan Poseidonin tytt\u00e4ren rakkaudesta. He saivat yhden tytt\u00e4ren ja seitsem\u00e4n poikaa. Myytin mukaan yksi pojista, Kerkafos, sai kolme poikaa, Karneiroksen, Ialissoksen ja Lindoksen, jotka rakensivat saaren kolme suurinta kaupunkia, jotka saivat nimekseen Kamiros, Ialyssos ja Lindos.<\/span><br \/>\n<span style=\"color: #000000;\"> Vuonna 1100 eaa Homeroksen mukaan kaupunkien asukkaat osallistuivat Troijan sotaan.<\/span><\/p>\n<p><span style=\"color: #000000;\">Toiset taas kertovat ett\u00e4 saari sai nimens\u00e4 joko Rodos-nymfin mukaan tai ruusun (rodo) mukaan.<\/span><\/p>\n<p><span style=\"color: #000000;\">Paremman turvallisuuden takaamiseksi p\u00e4\u00e4tettiin perustaa uusi kaupunki.<\/span><br \/>\n<span style=\"color: #000000;\"> Dorieasin, olympiavoittaja Diagoraan pojan aloitteesta perustettiin saaren koillisk\u00e4rkeen uusi kaupunki, jonka nimeksi annettiin Rodos.<\/span><br \/>\n<span style=\"color: #000000;\"> Kaupungin perustaminen vuonna 408 eaa oli saaren historian merkkipaalu.<\/span><\/p>\n<p><span style=\"color: #000000;\">Rodoksen kaupungin perustamisen j\u00e4lkeen siit\u00e4 kehittyi nopeasti V\u00e4limeren<\/span><br \/>\n<span style=\"color: #000000;\"> merkitt\u00e4vin kauppa- ja kulttuurikeskus.<\/span><br \/>\n<span style=\"color: #000000;\"> Siell\u00e4 toimi puhujakoulu, jota pidettiin antiikin parhaana viel\u00e4 Rooman valtakunnan aikana.<\/span><br \/>\n<span style=\"color: #000000;\"> Koulun nimekk\u00e4it\u00e4 oppilaita olivat mm. Brutus, Cassius, Cicero ja Caesar.<\/span><br \/>\n<span style=\"color: #000000;\"> Roomalaiset valloittivat saaren noin 100 eaa.<\/span><\/p>\n<p><span style=\"color: #000000;\">Apostoli Paavali toi kristinuskon saarelle 50-luvulla jaa. Rodoksesta muodostui kristinuskon etuvartioasema arabialaisia ja turkkilaisia vastaan.<\/span><br \/>\n<span style=\"color: #000000;\"> Sinne asettuivat mm. Johanniittain ritarit, jotka rakensivat saarelle linnoituksen vanhan kaupungin suojaksi.<\/span><br \/>\n<span style=\"color: #000000;\"> Vuonna 1522 turkkilaiset valloittivat Rodoksen ja seuraavan 400 vuoden ajan kreikan kieli ja kansalliset tavat joutuivat vainon kohteeksi. Turkkilais-italialaisen sodan seurauksena vuonna 1912 Rodoksesta tuli osa Italiaa. Italian vaikutus n\u00e4kyy esim. Mandrakin sataman arkkitehtuurissa.<\/span><br \/>\n<span style=\"color: #000000;\"> Rodos liitettiin uudelleen em\u00e4maahansa Kreikkaan 2. maailmansodan p\u00e4\u00e4tytty\u00e4 1947.<\/span><\/p>\n","protected":false},"excerpt":{"rendered":"<p>Rodoksen synnyst\u00e4 on olemassa kaksi myytti\u00e4. Ensimm\u00e4inen myytti kertoo, ett\u00e4 silloin kun Zeus voitti titaanit ja tuli maan hallitsijaksi, h\u00e4n p\u00e4\u00e4tti jakaa maan Olymposin jumalien kesken. Tilaisuudesta kuitenkin puuttui Helios-jumala, eik\u00e4 kukaan muistanut h\u00e4nt\u00e4. Kun Helios palasi, h\u00e4n valitti Zeukselle tapahtuneesta v\u00e4\u00e4ryydest\u00e4. Zeus lupasi h\u00e4nelle ensimm\u00e4isen saaren joka nousisi vedest\u00e4. Samaan aikaan merest\u00e4 alkoi nousta&hellip;<\/p>\n","protected":false},"author":5,"featured_media":0,"parent":0,"menu_order":0,"comment_status":"closed","ping_status":"closed","template":"","meta":{"footnotes":""},"class_list":["post-233","page","type-page","status-publish","hentry"],"translation":{"provider":"WPGlobus","version":"3.0.0","language":"fi","enabled_languages":["nl","fi","de","gb"],"languages":{"nl":{"title":true,"content":true,"excerpt":false},"fi":{"title":true,"content":true,"excerpt":false},"de":{"title":true,"content":true,"excerpt":false},"gb":{"title":false,"content":false,"excerpt":false}}},"aioseo_notices":[],"_links":{"self":[{"href":"https:\/\/rhodosinfo.com\/fi\/wp-json\/wp\/v2\/pages\/233","targetHints":{"allow":["GET"]}}],"collection":[{"href":"https:\/\/rhodosinfo.com\/fi\/wp-json\/wp\/v2\/pages"}],"about":[{"href":"https:\/\/rhodosinfo.com\/fi\/wp-json\/wp\/v2\/types\/page"}],"author":[{"embeddable":true,"href":"https:\/\/rhodosinfo.com\/fi\/wp-json\/wp\/v2\/users\/5"}],"replies":[{"embeddable":true,"href":"https:\/\/rhodosinfo.com\/fi\/wp-json\/wp\/v2\/comments?post=233"}],"version-history":[{"count":17,"href":"https:\/\/rhodosinfo.com\/fi\/wp-json\/wp\/v2\/pages\/233\/revisions"}],"predecessor-version":[{"id":5267,"href":"https:\/\/rhodosinfo.com\/fi\/wp-json\/wp\/v2\/pages\/233\/revisions\/5267"}],"wp:attachment":[{"href":"https:\/\/rhodosinfo.com\/fi\/wp-json\/wp\/v2\/media?parent=233"}],"curies":[{"name":"wp","href":"https:\/\/api.w.org\/{rel}","templated":true}]}}