{"id":100,"date":"2017-01-30T13:54:05","date_gmt":"2017-01-30T12:54:05","guid":{"rendered":"http:\/\/www.rhodosinfo.com\/?page_id=100"},"modified":"2023-03-20T18:04:34","modified_gmt":"2023-03-20T16:04:34","slug":"uitgaan","status":"publish","type":"page","link":"https:\/\/rhodosinfo.com\/fi\/uitgaan\/","title":{"rendered":"Y\u00f6kerhot"},"content":{"rendered":"<p><span style=\"color: #000000;\">Rodoksen y\u00f6el\u00e4m\u00e4<\/span><\/p>\n<p><span style=\"color: #000000;\">Saarella on laaja valikoima viihdetapahtumia, baareja, pubeja ja diskoja, jotka p\u00e4\u00e4asiallisesti ovat keskittyneet Rodoksen uuteen ja vanhaan kaupunkiin sek\u00e4 turistialueille kuten Faliraki, Lindos ja Ialyssos. Rodos tunnetaan my\u00f6s Kreikan kosmopoliittisimpana saarena: useimmat sen kahviot, baarit ja y\u00f6kerhot ovat avoinna l\u00e4pi y\u00f6n. <\/span><\/p>\n<p><span style=\"color: #000000;\">Rodoksen saaren p\u00e4\u00e4kaupunki tarjoaa runsaasti viihdett\u00e4. Sataman l\u00e4heisyydess\u00e4 on paljon baareja ja perinteisi\u00e4 kreikkalaisia tavernoita, kun taas uuden kaupungin pubit ja y\u00f6kerhot ovat nuorten suosiossa. On my\u00f6s joitakin paikkoja joissa voit kuulla buzukin soittoa! Buzuki on perinteinen kreikkalainen kielisoitin. <\/span><\/p>\n<p><span style=\"color: #000000;\">Rodoksen y\u00f6el\u00e4m\u00e4n keskus on kuuluisa \u201dBaarikatu\u201d (Orfanidou str.), joka kulkee kaupungin rannan suuntaisesti heti ns. \u201dTuulisen rannan\u201d takana. Katu on t\u00e4ynn\u00e4 trendikk\u00e4it\u00e4 baareja ja kaikenlaisia clubeja sek\u00e4 tyypillisi\u00e4 diskobaareja. <\/span><\/p>\n<p><span style=\"color: #000000;\">Toinen alue, joka on t\u00e4ynn\u00e4 ravintoloita, pubeja ja kahvioita turisteille, on Griva-, Mandilara- ja Iroon Polytehneiou -katujen muodostamassa kolmiossa, mutta \u00e4l\u00e4 odota l\u00f6yt\u00e4v\u00e4si sielt\u00e4 tyypillist\u00e4 kreikkalaista tunnelmaa. Vaihtoehtoisesti voit nauttia kreikkalaisen keitti\u00f6n tuotteita ravintoloissa ja tavernoissa Mandrakin torialueella.<\/span><\/p>\n<p><span style=\"color: #000000;\"><script async=\"\" src=\"\/\/pagead2.googlesyndication.com\/pagead\/js\/adsbygoogle.js\"><\/script><\/span><br \/>\n<span style=\"color: #000000;\"><!-- mobiel 2 --><\/span><br \/>\n<ins class=\"adsbygoogle\" style=\"display: block;\" data-ad-client=\"ca-pub-3888415975754403\" data-ad-slot=\"6271830326\" data-ad-format=\"auto\"><\/ins><\/p>\n<p><span style=\"color: #000000;\"><script><br \/>\n(adsbygoogle = window.adsbygoogle || []).push({});<br \/>\n<\/script><\/span><\/p>\n<p><iframe loading=\"lazy\" src=\"https:\/\/rhodosinfo.com\/html\/clubs.htm\" name=\"FRAME2\" width=\"750\" height=\"3000\" frameborder=\"0\"><\/iframe><\/p>\n","protected":false},"excerpt":{"rendered":"<p>Rodoksen y\u00f6el\u00e4m\u00e4 Saarella on laaja valikoima viihdetapahtumia, baareja, pubeja ja diskoja, jotka p\u00e4\u00e4asiallisesti ovat keskittyneet Rodoksen uuteen ja vanhaan kaupunkiin sek\u00e4 turistialueille kuten Faliraki, Lindos ja Ialyssos. Rodos tunnetaan my\u00f6s Kreikan kosmopoliittisimpana saarena: useimmat sen kahviot, baarit ja y\u00f6kerhot ovat avoinna l\u00e4pi y\u00f6n. Rodoksen saaren p\u00e4\u00e4kaupunki tarjoaa runsaasti viihdett\u00e4. Sataman l\u00e4heisyydess\u00e4 on paljon baareja ja&hellip;<\/p>\n","protected":false},"author":5,"featured_media":0,"parent":0,"menu_order":0,"comment_status":"closed","ping_status":"closed","template":"","meta":{"footnotes":""},"class_list":["post-100","page","type-page","status-publish","hentry"],"translation":{"provider":"WPGlobus","version":"3.0.0","language":"fi","enabled_languages":["nl","fi","de","gb"],"languages":{"nl":{"title":true,"content":true,"excerpt":false},"fi":{"title":true,"content":true,"excerpt":false},"de":{"title":true,"content":true,"excerpt":false},"gb":{"title":true,"content":true,"excerpt":false}}},"aioseo_notices":[],"_links":{"self":[{"href":"https:\/\/rhodosinfo.com\/fi\/wp-json\/wp\/v2\/pages\/100","targetHints":{"allow":["GET"]}}],"collection":[{"href":"https:\/\/rhodosinfo.com\/fi\/wp-json\/wp\/v2\/pages"}],"about":[{"href":"https:\/\/rhodosinfo.com\/fi\/wp-json\/wp\/v2\/types\/page"}],"author":[{"embeddable":true,"href":"https:\/\/rhodosinfo.com\/fi\/wp-json\/wp\/v2\/users\/5"}],"replies":[{"embeddable":true,"href":"https:\/\/rhodosinfo.com\/fi\/wp-json\/wp\/v2\/comments?post=100"}],"version-history":[{"count":30,"href":"https:\/\/rhodosinfo.com\/fi\/wp-json\/wp\/v2\/pages\/100\/revisions"}],"predecessor-version":[{"id":5101,"href":"https:\/\/rhodosinfo.com\/fi\/wp-json\/wp\/v2\/pages\/100\/revisions\/5101"}],"wp:attachment":[{"href":"https:\/\/rhodosinfo.com\/fi\/wp-json\/wp\/v2\/media?parent=100"}],"curies":[{"name":"wp","href":"https:\/\/api.w.org\/{rel}","templated":true}]}}