{"id":220,"date":"2017-01-30T16:49:27","date_gmt":"2017-01-30T15:49:27","guid":{"rendered":"http:\/\/www.rhodosinfo.com\/?page_id=220"},"modified":"2023-03-20T21:16:39","modified_gmt":"2023-03-20T19:16:39","slug":"bezienswaardigheden","status":"publish","type":"page","link":"https:\/\/rhodosinfo.com\/de\/bezienswaardigheden\/","title":{"rendered":"Interessante Orte"},"content":{"rendered":"<h1><span style=\"color: #000000;\">Interessante Orte<\/span><\/h1>\n<p><span style=\"color: #000000;\"><strong>Rhodos Altstadt<\/strong><\/span><\/p>\n<p><span style=\"color: #000000;\"><img loading=\"lazy\" decoding=\"async\" class=\"alignnone size-medium wp-image-289\" src=\"http:\/\/www.rhodosinfo.com\/wp-content\/uploads\/2017\/01\/Medieval-City-of-Rhodes-300x225.jpg\" alt=\"\" width=\"300\" height=\"225\" srcset=\"https:\/\/rhodosinfo.com\/wp-content\/uploads\/2017\/01\/Medieval-City-of-Rhodes-300x225.jpg 300w, https:\/\/rhodosinfo.com\/wp-content\/uploads\/2017\/01\/Medieval-City-of-Rhodes.jpg 640w\" sizes=\"auto, (max-width: 300px) 100vw, 300px\" \/><\/span><\/p>\n<p><span style=\"color: #000000;\">Die Altstadt von Rhodos ist umgeben von einer mittelalterlichen Mauer mit sieben Toren: Tor der Naval Station, Tor von Agios Ioannis (Heiliger Johannes), Tor der Heiligen Katharina, Tor des Apostels Paulus, Tor von Amboise, Tor des Heiligen Athanassios, Tor des Hafens.<\/span><\/p>\n<p><span style=\"color: #000000;\">Sehensw\u00fcrdigkeiten: Pili Elefterias (Tor der Freiheit), Panagia tou Kastrou (alte katholische Kathedrale), Platia Simis (Platz von Simi), der Palast der Grossmeister, das Arch\u00e4ologische Museum, die ber\u00fchmte Strasse der Kreuzritter (Ippoton Strasse), der Uhrenturm, das Minarett der alten Stadt und das grosse Hamam, der Hippokratus Platz, die Moschee von Suleiman und das Byzantinische Museum.&nbsp;<\/span><\/p>\n<p><span style=\"color: #000000;\"><strong>Embona<\/strong><\/span><\/p>\n<p><span style=\"color: #000000;\"><img loading=\"lazy\" decoding=\"async\" class=\"alignnone size-full wp-image-1173\" src=\"http:\/\/www.rhodosinfo.com\/wp-content\/uploads\/2017\/11\/embo.jpg\" alt=\"\" width=\"267\" height=\"163\"><\/span><\/p>\n<p><span style=\"color: #000000;\">Embona ist einer der malerischsten Orte von Rhodos und auch das Zentrum des Weinanbaus. Einmal im Jahr zur Weinernte&nbsp;findet hier ein&nbsp;grosses Weinfest statt. Eine lokale Tradition ist die d\u00f6rfliche Tanzgruppe, die mit ihren traditionellen Kost\u00fcmen&nbsp;sowohl in kleineren Orten&nbsp;wie auch in gr\u00f6sseren St\u00e4dten auftritt.&nbsp;Die Vorf\u00fchrungen&nbsp;finden in den letzten drei Augustwochen statt.<\/span><\/p>\n<p><span style=\"color: #000000;\">In Embona findet man auch Bergf\u00fchrer, von denen man sich auf den h\u00f6chsten Berg von Rhodos, dem Ataviros (1215m) f\u00fchren lassen kann. Auf dem Gipfel befindet sich das Kloster, das Zeus geweiht ist und die kleine Kirche des Evangelisten Johannes.&nbsp;<\/span><\/p>\n<p><span style=\"color: #000000;\"><strong>Filerimos<\/strong><\/span><\/p>\n<p><span style=\"color: #000000;\"><img loading=\"lazy\" decoding=\"async\" class=\"alignnone size-medium wp-image-319\" src=\"http:\/\/www.rhodosinfo.com\/wp-content\/uploads\/2017\/02\/maxresdefault-300x169.jpg\" alt=\"\" width=\"300\" height=\"169\" srcset=\"https:\/\/rhodosinfo.com\/wp-content\/uploads\/2017\/02\/maxresdefault-300x169.jpg 300w, https:\/\/rhodosinfo.com\/wp-content\/uploads\/2017\/02\/maxresdefault.jpg 640w\" sizes=\"auto, (max-width: 300px) 100vw, 300px\" \/><\/span><\/p>\n<p><span style=\"color: #000000;\">Dies ist der Ort von Doric von Ialysson, einer der drei altert\u00fcmlichen, antiken St\u00e4dte von Rhodos. Es war der Landeplatz der Invasionstruppen und gleichzeitig der Ort f\u00fcr die reichen Venezianischen Kaufleute, die sich hier niederliessen sowie der der Kreuzritter und Ottoman Turks in sp\u00e4teren Jahrhunderten.<\/span><\/p>\n<p><span style=\"color: #000000;\">Filerimos liegt 267 m hoch \u00fcber Meeresh\u00f6he mit wundersch\u00f6ner Aussicht auf die \u00c4g\u00e4is. Der Name bedeutet: &#8220;Freund der Einsamkeit&#8221;. Hier k\u00f6nnen Sie die Kirche von &#8220;Unserer geehrten Frau von Filerimos&#8221; aus dem 14. Jahrhundert besuchen. Sie wurde auf dem Ort des antiken Tempfels des Zeus erbaut und wurde mehrere Male restauriert. In der Zeit der t\u00fcrkischen Besetzung diente sie als Pferdestall. Im 2. Weltkrieg wurde sie durch Bomben zerst\u00f6rt.<\/span><\/p>\n<p><span style=\"color: #000000;\"><strong>Antikes Kamiros<\/strong><\/span><\/p>\n<p><span style=\"color: #000000;\"><img loading=\"lazy\" decoding=\"async\" class=\"alignnone size-full wp-image-1175\" src=\"http:\/\/www.rhodosinfo.com\/wp-content\/uploads\/2017\/11\/kamiros.jpg\" alt=\"\" width=\"267\" height=\"200\"><\/span><\/p>\n<p><span style=\"color: #000000;\">Es gibt drei antike St\u00e4tte auf der Insel: Filerimos, Kamiros und Lindos. Kamiros ist die einzige St\u00e4tte, die ohne Befestigung gebaut wurde. Diese St\u00e4tte wurde intensiv ausgegraben und die Ruinen geben eine ideale Vorstellung \u00fcber die Anlage einer verlassenen Stadt aus der Zeit um Christus. Sie ist eine der am best erhaltensten, klassischen griechischen St\u00e4dte.<\/span><\/p>\n<p><span style=\"color: #000000;\">Kamiros war bis zum 4. Jahrhundert AD bewohnt und wurde dann auf mysteri\u00f6se Weise verlassen. &#8216;Die Ruinen umfassen den Marktplatz (Agora) mit ihren Doris Stoa, Kolonnaden, aus dem 3. Jahrhundert BC, ein Aqu\u00e4dukt und den Tempel von Kamira Athena.<\/span><\/p>\n<p><span style=\"color: #000000;\"><strong>Kalithea Therme<\/strong><\/span><\/p>\n<p><span style=\"color: #000000;\"><img loading=\"lazy\" decoding=\"async\" class=\"alignnone size-full wp-image-1178\" src=\"http:\/\/www.rhodosinfo.com\/wp-content\/uploads\/2017\/11\/kalith.jpg\" alt=\"\" width=\"267\" height=\"200\"><\/span><\/p>\n<p><span style=\"color: #000000;\">Die hiesigen Quellen und das Thermalwasser sind seit dem Altertum bekannt f\u00fcr ihre heilende Wirkung. Hippokrates, der gr\u00f6sste Arzt der Antike (460 &#8211; 370 v. Ch., lebte auf der Nachbarinsel Kos) \u00fcberlieferte eine ausf\u00fchrliche, schriftliche Anwendung von 237 Heilpflanzen mit deren Heilwirkungen. Er empfahl die Nutzung des Quellwassers und der Therme f\u00fcr Nierenerkrankungen, Rheumatismus und Arthritis.<\/span><\/p>\n<p><span style=\"color: #000000;\">Das Bad wurde durch Italiener im Jahr 1929 erbaut und ist&nbsp;erfreulicherweise jetzt fast restauriert. Die Therme&nbsp;liegt in einer wundersch\u00f6nen, gepflegten Anlage mit Gastronomie und Sonnenbetten.<\/span><\/p>\n<p><span style=\"color: #000000;\">\u00d6ffnungszeiten: t\u00e4glich 8 &#8211; 20 Uhr<\/span><\/p>\n<p><span style=\"color: #000000;\">Kalithea selbst verf\u00fcgt auch \u00fcber einen sch\u00f6nen Strand, aber am wichtigsten: Nur hier ist das Tauchen mit Sauerstoff erlaubt.&nbsp;Wenn du also mal Jack Cousteau f\u00fcr einen Tag sein willst und die wundersch\u00f6ne Unterwasserwelt im t\u00fcrkisblauen und klaren Wasser entdecken m\u00f6chtest, dann ist das der richtige Platz f\u00fcr dich.<\/span><\/p>\n<p><span style=\"color: #000000;\"><strong>Ladiko Bucht \/ Anthony Quinn Bucht<\/strong>&nbsp;<\/span><\/p>\n<p><span style=\"color: #000000;\">Ladiko befindet sich zwischen den beiden Erholungsorten Faliraki&nbsp;und Afandou. Zweige von der Hauptstrasse ab und folge den kleinen Schildern zur Bucht mit seinem kristallklarem und ruhigem Wasser.<\/span><\/p>\n<p><span style=\"color: #000000;\">Die Bucht ist ideal zum Schnorcheln.&nbsp;Sandstrand und eine Taverne laden zum Erholen ein. Wenn du zu Fuss einen kleinen Hang aufsteigst und direkt nach rechts gehst und der Bergseite \u00fcber der Bucht von Ladiko folgst, erreichst du eine weitere Bucht von reinster Sch\u00f6nheit mit t\u00fcrkisblauem Wasser. Diese Bucht ist bekannt als Anthony Quinn Bucht, da der bekannte Schauspieler (Zorbas: Der Grieche) sie auf seinen Reisen entdeckte und sich in sie verliebte. Eine Bucht, die ebenfalls zum Baden und Schnorcheln einl\u00e4dt. In der Nebensaison ist es recht ruhig hier, w\u00e4hrend man in der Hauptsaison, vor allem Juli\/August mit vielen Badeg\u00e4sten rechnen muss. Die Anthony Quinn Bucht wurde als Filmkulisse f\u00fcr den Film &#8220;Die Kanonen von Navarone&#8221; genutzt.&nbsp;<\/span><\/p>\n<p><span style=\"color: #000000;\"><strong>Monolithos<\/strong><\/span><\/p>\n<p><span style=\"color: #000000;\">Nicht weit von dem Dorf Monolithos im S\u00fcdwesten der Insel befindet sich die Burg Monolithos, 260 m hoch gelegen. Von hier bewachten die Ritter das umliegende Land und hatten gute Sicht auf das Meer. Innerhalb der Ruine befindet sich eine weiss get\u00fcnchte Kapelle, die noch heute f\u00fcr private Gebete genutzt wird. Hier kann man noch immer die alten Mauern sehen, die das Felsplateau des Gipfels umgeben.<\/span><\/p>\n<p><span style=\"color: #000000;\">Die Burg wurde von den Rittern errichtet und 1488 von Grand Master D&#8217;Aubusson restauriert. Die Sicht von hier oben ist atemberaubend.<\/span><\/p>\n<p><span style=\"color: #000000;\"><strong>Petaloudes (schmetterlingstal)<\/strong><\/span><\/p>\n<p><span style=\"color: #000000;\"><img loading=\"lazy\" decoding=\"async\" class=\"alignnone size-medium wp-image-228\" src=\"http:\/\/www.rhodosinfo.com\/wp-content\/uploads\/2017\/01\/pf3-300x188.jpg\" alt=\"\" width=\"300\" height=\"188\" srcset=\"https:\/\/rhodosinfo.com\/wp-content\/uploads\/2017\/01\/pf3-300x188.jpg 300w, https:\/\/rhodosinfo.com\/wp-content\/uploads\/2017\/01\/pf3.jpg 400w\" sizes=\"auto, (max-width: 300px) 100vw, 300px\" \/><\/span><\/p>\n<p><span style=\"color: #000000;\">Von Mitte Juni bis September ist dieses Tal von tausend schmalen, strahlend bunten Schmetterlingen bewohnt.&nbsp;<\/span><\/p>\n<p><span style=\"color: #000000;\">Eine Erkl\u00e4rung f\u00fcr die Anwesenheit und f\u00fcr die hohe Zahl der Schmetterlinge in dieser Zeit ist die Anziehungskraft des starken Duftes von Benzoin, ein Harz, das von einem der artenreichen, vorhandenen B\u00e4umen produziert wird, die in diesem Tal wachsen.<\/span><\/p>\n<p><span style=\"color: #000000;\">Auf gut gebauten Wegen und Br\u00fccken kann man durch dieses Tal wandern und auf den Hauptaussichtspunkten gut fotografieren. Die Schmetterlinge scheinen w\u00e4hrend des Tages an den B\u00e4umen zu schlafen und die Besucher werden gebeten, diese gesch\u00fctzte Tierart zu respektieren und sie nicht durch H\u00e4ndeklatschen oder B\u00e4umesch\u00fctteln zu st\u00f6ren.<\/span><\/p>\n<p><span style=\"color: #000000;\"><strong>Prasonissi<\/strong><\/span><\/p>\n<p><span style=\"color: #000000;\"><img loading=\"lazy\" decoding=\"async\" class=\"alignnone size-full wp-image-1176\" src=\"http:\/\/www.rhodosinfo.com\/wp-content\/uploads\/2017\/11\/prasonissi.jpg\" alt=\"\" width=\"267\" height=\"142\"><\/span><\/p>\n<p><span style=\"color: #000000;\">Dies ist der s\u00fcdlichste Punkt von Rhodos und liegt wie ein Anh\u00e4ngsel an der Insel. Verbunden ist sie durch eine 8 km lange asphaltierte Strasse, die zur sandigen K\u00fcstenstrasse mit Sicht auf den Leuchtturm f\u00fchrt.<\/span><\/p>\n<p><span style=\"color: #000000;\">Hier trifft das ruhige, blaue Mittelmeer auf die gr\u00fcne, bewegte \u00c4g\u00e4is. Prasonissi ist wegen des meist starken Windes ein ausgesprochenes Paradies f\u00fcr Kite- und Windsurfer. Direkt am Meer liegen einige Taverne mit Blick auf diese Sch\u00f6nheit der Natur. Sie sind allerdings nur bei ruhigem Wetter zu empfehlen.<\/span><\/p>\n<p><span style=\"color: #000000;\"><strong>Sieben Quellen<\/strong><\/span><\/p>\n<p><span style=\"color: #000000;\"><img loading=\"lazy\" decoding=\"async\" class=\"alignnone size-medium wp-image-369\" src=\"http:\/\/www.rhodosinfo.com\/wp-content\/uploads\/2017\/02\/16387009_1441894765855386_5866140417334237716_n-300x225.jpg\" alt=\"\" width=\"300\" height=\"225\" srcset=\"https:\/\/rhodosinfo.com\/wp-content\/uploads\/2017\/02\/16387009_1441894765855386_5866140417334237716_n-300x225.jpg 300w, https:\/\/rhodosinfo.com\/wp-content\/uploads\/2017\/02\/16387009_1441894765855386_5866140417334237716_n.jpg 640w\" sizes=\"auto, (max-width: 300px) 100vw, 300px\" \/><\/span><\/p>\n<p><span style=\"color: #000000;\">Hier wurde 1930 von Italienern ein Bew\u00e4sserungssystem f\u00fcr das nahegelegene Dorf Kolymbia erbaut.&nbsp;<\/span><\/p>\n<p><span style=\"color: #000000;\">Diese Gegend ist bei Touristen sehr beliebt durch sein Staubecken, das von sieben Quellen gen\u00e4hrt wird,&nbsp;&nbsp;gelegen in einem schattigen W\u00e4ldchen, wo sich eine Taverne direkt unterhalb der Parkpl\u00e4tze befindet.<\/span><\/p>\n<p><span style=\"color: #000000;\">Pfauen und Enten besuchen diese Gegend sehr gerne. Wer trockenes Brot hat, sollte es nicht vergessen zum F\u00fcttern mitzubringen.<\/span><\/p>\n<p><span style=\"color: #000000;\">Wenn du mutig genug bist, ziehe deine Schuhe aus und wandere durch den Tunnel, der sich einen Meter neben der Taverne befindet, wodurch du das Staubecken erreichst. Wenn du nicht so mutig bist, dann klettere \u00fcber den Tunnel zum Staubecken.<\/span><\/p>\n<p><span style=\"color: #000000;\"><strong>Sianna<\/strong><\/span><\/p>\n<p><span style=\"color: #000000;\">Die Zeit steht in diesem Dorf still, sogar die Zeiger der Kirchenuhr am Dorfplatz sind angezeichnet. In diesem Dorf wurden auch Amphoren aus dem 6. Jahrhundert v. Ch. gefunden, bemalt mit wundersch\u00f6nen, schwarzen Figuren.&nbsp;&nbsp;<\/span><\/p>\n<p><span style=\"color: #000000;\">Auf dem Dorfplatz direkt neben der Kirche befindet sich ein privates Oliven\u00f6lmuseum, in dem die Herstellung des \u00d6ls erkl\u00e4rt wird. Hier kann man auch das sehr gesunde und durchaus leckere \u00d6l kaufen und selbstgekochte Marmeladen (u. a. Orangen und Zitronen) verkosten&nbsp;und erwerben.<\/span><\/p>\n<p><span style=\"color: #000000;\">Von Sianna aus geniesst man eine wundersch\u00f6ne Aussicht \u00fcber die bergische Landschaft, die gleichzeitig die Quelle des &#8220;Feuerwassers&#8221;, dem sog. Souma, der von Trauben, die nur hier wachsen, destilliert und \u00fcberall am Stra\u00dfenrand verkauft wird.<\/span><\/p>\n<p><span style=\"color: #000000;\"><strong>Monte Smith<\/strong><\/span><\/p>\n<p><span style=\"color: #000000;\"><img loading=\"lazy\" decoding=\"async\" class=\"alignnone size-medium wp-image-451\" src=\"http:\/\/www.rhodosinfo.com\/wp-content\/uploads\/2017\/02\/smith2-300x225.jpg\" alt=\"\" width=\"300\" height=\"225\" srcset=\"https:\/\/rhodosinfo.com\/wp-content\/uploads\/2017\/02\/smith2-300x225.jpg 300w, https:\/\/rhodosinfo.com\/wp-content\/uploads\/2017\/02\/smith2.jpg 640w\" sizes=\"auto, (max-width: 300px) 100vw, 300px\" \/><\/span><\/p>\n<p><span style=\"color: #000000;\">Die antike griechische Stadt Rhodos befindet sich auf den \u00f6stlichen H\u00e4ngen des Monte Smith. Es gibt einige \u00dcberreste der Stadt einschliesslich des rekonstruierten Stadions und dem zum Teil restaurierten Tempel des Apollos.<\/span><\/p>\n<p><span style=\"color: #000000;\">Der Berg &#8211; urspr\u00fcnglich benannt&nbsp;als&nbsp;der Berg des Heiligen Stephanos &#8211;&nbsp; ist bekannt als Monte Smith seit der Zeit des Napoleonkrieges, als der englische Admiral Sydney Smith diesen als Aussichtspunkt benutzte.<\/span><\/p>\n<p><span style=\"color: #000000;\">Von hier ist die Aussicht auf die t\u00fcrkische K\u00fcstenlinie und die Inseln Symi und Tilos exzellent.<\/span><\/p>\n<p><span style=\"color: #000000;\"><strong>Kloster Tsambika&nbsp;<\/strong><\/span><\/p>\n<p><span style=\"color: #000000;\">N\u00e4he des Gipfels vom Berg Tsambika befindet sich das Byzantinische Kloster aus dem 14. Jahrhundert, das aus f\u00fcnf weissget\u00fcnchten Zellen besteht.<\/span><\/p>\n<p><span style=\"color: #000000;\">Jeweils am 8. September eines jeden Jahres machen&nbsp;ans\u00e4ssige, kinderlose Frauen eine Wallfahrt \u00fcber ca. 300 Stufen bergauf zu diesem Kloster und beten um Fruchtbarkeit. Um ihre Dankbarkeit zu zeigen, wenn sie nach der Wallfahrt ein Kind geboren haben, nennen sie ihre Kinder &#8220;Tsambikos&#8221; (m\u00e4nnlich) und &#8220;Tsambika&#8221; (weiblich).<\/span><\/p>\n<p><span style=\"color: #000000;\">Vom Kloster aus hat man eine wunderbare Sicht auf das Meer und den Strand von Tsambika. Dieser Strand ist einer der sch\u00f6nsten der Insel; er streckt sich lang und sandig und es gibt einige Tavernen und Strandkantinen sowie viele M\u00f6glichkeiten f\u00fcr Wassersportfreunde.<\/span><\/p>\n<p><span style=\"color: #000000;\"><strong>Lindos<\/strong><\/span><\/p>\n<p><span style=\"color: #000000;\"><strong>Prifitis Ilias<\/strong><\/span><\/p>\n<div><span style=\"color: #0000ff;\"><strong><a style=\"color: #0000ff;\" href=\"http:\/\/www.rhodos-info.de\" target=\"_blank\" rel=\"noopener\">unser Partner rhodo-info.de<\/a><\/strong><\/span><\/div>\n<div><\/div>\n<p><script async=\"\" src=\"\/\/pagead2.googlesyndication.com\/pagead\/js\/adsbygoogle.js\"><\/script><br \/>\n<!-- mobiel 2 --><br \/>\n<ins class=\"adsbygoogle\" style=\"display: block;\" data-ad-client=\"ca-pub-3888415975754403\" data-ad-slot=\"6271830326\" data-ad-format=\"auto\"><\/ins><br \/>\n<script><br \/>\n(adsbygoogle = window.adsbygoogle || []).push({});<br \/>\n<\/script><\/p>\n","protected":false},"excerpt":{"rendered":"<p>Interessante Orte Rhodos Altstadt Die Altstadt von Rhodos ist umgeben von einer mittelalterlichen Mauer mit sieben Toren: Tor der Naval Station, Tor von Agios Ioannis (Heiliger Johannes), Tor der Heiligen Katharina, Tor des Apostels Paulus, Tor von Amboise, Tor des Heiligen Athanassios, Tor des Hafens. Sehensw\u00fcrdigkeiten: Pili Elefterias (Tor der Freiheit), Panagia tou Kastrou (alte&hellip;<\/p>\n","protected":false},"author":5,"featured_media":0,"parent":0,"menu_order":0,"comment_status":"closed","ping_status":"closed","template":"","meta":{"footnotes":""},"class_list":["post-220","page","type-page","status-publish","hentry"],"translation":{"provider":"WPGlobus","version":"3.0.0","language":"de","enabled_languages":["nl","fi","de","gb"],"languages":{"nl":{"title":true,"content":true,"excerpt":false},"fi":{"title":true,"content":true,"excerpt":false},"de":{"title":true,"content":true,"excerpt":false},"gb":{"title":true,"content":true,"excerpt":false}}},"aioseo_notices":[],"_links":{"self":[{"href":"https:\/\/rhodosinfo.com\/de\/wp-json\/wp\/v2\/pages\/220","targetHints":{"allow":["GET"]}}],"collection":[{"href":"https:\/\/rhodosinfo.com\/de\/wp-json\/wp\/v2\/pages"}],"about":[{"href":"https:\/\/rhodosinfo.com\/de\/wp-json\/wp\/v2\/types\/page"}],"author":[{"embeddable":true,"href":"https:\/\/rhodosinfo.com\/de\/wp-json\/wp\/v2\/users\/5"}],"replies":[{"embeddable":true,"href":"https:\/\/rhodosinfo.com\/de\/wp-json\/wp\/v2\/comments?post=220"}],"version-history":[{"count":38,"href":"https:\/\/rhodosinfo.com\/de\/wp-json\/wp\/v2\/pages\/220\/revisions"}],"predecessor-version":[{"id":5114,"href":"https:\/\/rhodosinfo.com\/de\/wp-json\/wp\/v2\/pages\/220\/revisions\/5114"}],"wp:attachment":[{"href":"https:\/\/rhodosinfo.com\/de\/wp-json\/wp\/v2\/media?parent=220"}],"curies":[{"name":"wp","href":"https:\/\/api.w.org\/{rel}","templated":true}]}}