{"id":100,"date":"2017-01-30T13:54:05","date_gmt":"2017-01-30T12:54:05","guid":{"rendered":"http:\/\/www.rhodosinfo.com\/?page_id=100"},"modified":"2023-03-20T18:04:34","modified_gmt":"2023-03-20T16:04:34","slug":"uitgaan","status":"publish","type":"page","link":"https:\/\/rhodosinfo.com\/de\/uitgaan\/","title":{"rendered":"Rhodos Nachtleben"},"content":{"rendered":"<p>Die Insel hat eine gro\u00dfe Auswahl an Unterhaltungsm\u00f6glichkeiten, Bars, Pubs und Diskotheken, die in der neuen und die Altstadt von Rhodos in erster Linie konzentriert sind und in der touristischen Zentren wie Faliraki, Lindos und Ialysos.<br \/>\nRhodos ist auch als die kosmopolitischste Insel Griechenlands bekannt: Die meisten Caf\u00e9s, Bars und Clubs sind die ganze Nacht ge\u00f6ffnet.<\/p>\n<p>Die Hauptstadt der Insel Rhodos bietet eine gro\u00dfe Auswahl an Unterhaltungsm\u00f6glichkeiten. In der N\u00e4he des Hafens gibt es viele Bars und traditionelle griechische Tavernen, w\u00e4hrend in der Neustadt Kneipen und Diskotheken beliebter und f\u00fcr junge Leute geeignet sind. Es gibt auch einige Orte, wo Sie die Bouzouki (traditionelles griechisches Musikinstrument) h\u00f6ren k\u00f6nnen!<\/p>\n<p>Das Epizentrum des Nachtleben in Rhodos ist die ber\u00fchmte \u201eBar Street\u201c (Orfanidou str.), Eine Stra\u00dfe entlang der Uferpromenade der Stadt direkt hinter dem \u201ewindybeach\u201c, voll von trendigen Bars und Clubs aller Art, einschlie\u00dflich den typischen Disco-Bars .<\/p>\n<p>Ein weiteres Viertel voller Restaurants, Pubs und Caf\u00e9s f\u00fcr Touristen liegt im Dreieck zwischen Griva, M<andilara und=\"\" polytehneiou=\"\" iroon=\"\" street,=\"\" aber=\"\" erwarten=\"\" sie=\"\" nicht=\"\" die=\"\" typische=\"\" griechische=\"\" atmosph\u00e4re=\"\" zu=\"\" atmen.=\"\" alternativ=\"\" k\u00f6nnen=\"\" k\u00fcche=\"\" in=\"\" restaurants=\"\" tavernen=\"\" auf=\"\" dem=\"\" mandraki-markt=\"\" genie\u00dfen.<=\"\" andilara=\"\"><\/andilara><\/p>\n<p><span style=\"color: #000000;\"><script async=\"\" src=\"\/\/pagead2.googlesyndication.com\/pagead\/js\/adsbygoogle.js\"><\/script><\/span><br \/>\n<span style=\"color: #000000;\"> <!-- mobiel 2 --><\/span><br \/>\n<ins class=\"adsbygoogle\" style=\"display: block;\" data-ad-client=\"ca-pub-3888415975754403\" data-ad-slot=\"6271830326\" data-ad-format=\"auto\"><\/ins><br \/>\n<span style=\"color: #000000;\"> <script><br \/>\n(adsbygoogle = window.adsbygoogle || []).push({});<br \/>\n<\/script><\/span><\/p>\n<p><iframe loading=\"lazy\" src=\"https:\/\/rhodosinfo.com\/html\/clubs.htm\" name=\"FRAME2\" width=\"750\" height=\"3000\" frameborder=\"0\"><\/iframe><\/p>\n","protected":false},"excerpt":{"rendered":"<p>Die Insel hat eine gro\u00dfe Auswahl an Unterhaltungsm\u00f6glichkeiten, Bars, Pubs und Diskotheken, die in der neuen und die Altstadt von Rhodos in erster Linie konzentriert sind und in der touristischen Zentren wie Faliraki, Lindos und Ialysos. Rhodos ist auch als die kosmopolitischste Insel Griechenlands bekannt: Die meisten Caf\u00e9s, Bars und Clubs sind die ganze Nacht&hellip;<\/p>\n","protected":false},"author":5,"featured_media":0,"parent":0,"menu_order":0,"comment_status":"closed","ping_status":"closed","template":"","meta":{"footnotes":""},"class_list":["post-100","page","type-page","status-publish","hentry"],"translation":{"provider":"WPGlobus","version":"3.0.0","language":"de","enabled_languages":["nl","fi","de","gb"],"languages":{"nl":{"title":true,"content":true,"excerpt":false},"fi":{"title":true,"content":true,"excerpt":false},"de":{"title":true,"content":true,"excerpt":false},"gb":{"title":true,"content":true,"excerpt":false}}},"aioseo_notices":[],"_links":{"self":[{"href":"https:\/\/rhodosinfo.com\/de\/wp-json\/wp\/v2\/pages\/100","targetHints":{"allow":["GET"]}}],"collection":[{"href":"https:\/\/rhodosinfo.com\/de\/wp-json\/wp\/v2\/pages"}],"about":[{"href":"https:\/\/rhodosinfo.com\/de\/wp-json\/wp\/v2\/types\/page"}],"author":[{"embeddable":true,"href":"https:\/\/rhodosinfo.com\/de\/wp-json\/wp\/v2\/users\/5"}],"replies":[{"embeddable":true,"href":"https:\/\/rhodosinfo.com\/de\/wp-json\/wp\/v2\/comments?post=100"}],"version-history":[{"count":30,"href":"https:\/\/rhodosinfo.com\/de\/wp-json\/wp\/v2\/pages\/100\/revisions"}],"predecessor-version":[{"id":5101,"href":"https:\/\/rhodosinfo.com\/de\/wp-json\/wp\/v2\/pages\/100\/revisions\/5101"}],"wp:attachment":[{"href":"https:\/\/rhodosinfo.com\/de\/wp-json\/wp\/v2\/media?parent=100"}],"curies":[{"name":"wp","href":"https:\/\/api.w.org\/{rel}","templated":true}]}}